{"id":1493,"date":"2023-12-19T19:57:13","date_gmt":"2023-12-19T19:57:13","guid":{"rendered":"https:\/\/slprocess.com.br\/?page_id=1493"},"modified":"2024-10-07T20:25:02","modified_gmt":"2024-10-07T23:25:02","slug":"engenharia","status":"publish","type":"page","link":"https:\/\/slprocess.com.br\/es\/engenharia\/","title":{"rendered":"Ingenieria"},"content":{"rendered":"<div data-elementor-type=\"wp-page\" data-elementor-id=\"1493\" class=\"elementor elementor-1493\">\n\t\t\t\t\t\t\t\t\t<section class=\"elementor-section elementor-top-section elementor-element elementor-element-a553b94 elementor-section-full_width elementor-section-stretched elementor-section-height-default elementor-section-height-default wpr-particle-no wpr-jarallax-no wpr-parallax-no wpr-sticky-section-no\" data-id=\"a553b94\" data-element_type=\"section\" data-settings=\"{&quot;stretch_section&quot;:&quot;section-stretched&quot;}\">\n\t\t\t\t\t\t<div class=\"elementor-container elementor-column-gap-no\">\n\t\t\t\t\t<div class=\"elementor-column elementor-col-50 elementor-top-column elementor-element elementor-element-f304ca9\" data-id=\"f304ca9\" data-element_type=\"column\">\n\t\t\t<div class=\"elementor-widget-wrap elementor-element-populated\">\n\t\t\t\t\t\t\t\t<div class=\"elementor-element elementor-element-11c7f28 elementor-widget elementor-widget-spacer\" data-id=\"11c7f28\" data-element_type=\"widget\" data-widget_type=\"spacer.default\">\n\t\t\t\t<div class=\"elementor-widget-container\">\n\t\t\t<style>\/*! elementor - v3.8.1 - 13-11-2022 *\/\n.elementor-column .elementor-spacer-inner{height:var(--spacer-size)}.e-con{--container-widget-width:100%}.e-con-inner>.elementor-widget-spacer,.e-con>.elementor-widget-spacer{width:var(--container-widget-width,var(--spacer-size));-ms-flex-item-align:stretch;align-self:stretch;-ms-flex-negative:0;flex-shrink:0}.e-con-inner>.elementor-widget-spacer>.elementor-widget-container,.e-con-inner>.elementor-widget-spacer>.elementor-widget-container>.elementor-spacer,.e-con>.elementor-widget-spacer>.elementor-widget-container,.e-con>.elementor-widget-spacer>.elementor-widget-container>.elementor-spacer{height:100%}.e-con-inner>.elementor-widget-spacer>.elementor-widget-container>.elementor-spacer>.elementor-spacer-inner,.e-con>.elementor-widget-spacer>.elementor-widget-container>.elementor-spacer>.elementor-spacer-inner{height:var(--container-widget-height,var(--spacer-size))}<\/style>\t\t<div class=\"elementor-spacer\">\n\t\t\t<div class=\"elementor-spacer-inner\"><\/div>\n\t\t<\/div>\n\t\t\t\t<\/div>\n\t\t\t\t<\/div>\n\t\t\t\t<div class=\"elementor-element elementor-element-41fe0f4 elementor-widget elementor-widget-heading\" data-id=\"41fe0f4\" data-element_type=\"widget\" data-widget_type=\"heading.default\">\n\t\t\t\t<div class=\"elementor-widget-container\">\n\t\t\t<style>\/*! elementor - v3.8.1 - 13-11-2022 *\/\n.elementor-heading-title{padding:0;margin:0;line-height:1}.elementor-widget-heading .elementor-heading-title[class*=elementor-size-]>a{color:inherit;font-size:inherit;line-height:inherit}.elementor-widget-heading .elementor-heading-title.elementor-size-small{font-size:15px}.elementor-widget-heading .elementor-heading-title.elementor-size-medium{font-size:19px}.elementor-widget-heading .elementor-heading-title.elementor-size-large{font-size:29px}.elementor-widget-heading .elementor-heading-title.elementor-size-xl{font-size:39px}.elementor-widget-heading .elementor-heading-title.elementor-size-xxl{font-size:59px}<\/style><h2 class=\"elementor-heading-title elementor-size-default\">Ingenieria<\/h2>\t\t<\/div>\n\t\t\t\t<\/div>\n\t\t\t\t<div class=\"elementor-element elementor-element-c197492 elementor-widget elementor-widget-spacer\" data-id=\"c197492\" data-element_type=\"widget\" data-widget_type=\"spacer.default\">\n\t\t\t\t<div class=\"elementor-widget-container\">\n\t\t\t\t\t<div class=\"elementor-spacer\">\n\t\t\t<div class=\"elementor-spacer-inner\"><\/div>\n\t\t<\/div>\n\t\t\t\t<\/div>\n\t\t\t\t<\/div>\n\t\t\t\t<div class=\"elementor-element elementor-element-7651ade elementor-position-left elementor-vertical-align-top elementor-widget elementor-widget-image-box\" data-id=\"7651ade\" data-element_type=\"widget\" data-widget_type=\"image-box.default\">\n\t\t\t\t<div class=\"elementor-widget-container\">\n\t\t\t<style>\/*! elementor - v3.8.1 - 13-11-2022 *\/\n.elementor-widget-image-box .elementor-image-box-content{width:100%}@media (min-width:768px){.elementor-widget-image-box.elementor-position-left .elementor-image-box-wrapper,.elementor-widget-image-box.elementor-position-right .elementor-image-box-wrapper{display:-webkit-box;display:-ms-flexbox;display:flex}.elementor-widget-image-box.elementor-position-right .elementor-image-box-wrapper{text-align:right;-webkit-box-orient:horizontal;-webkit-box-direction:reverse;-ms-flex-direction:row-reverse;flex-direction:row-reverse}.elementor-widget-image-box.elementor-position-left .elementor-image-box-wrapper{text-align:left;-webkit-box-orient:horizontal;-webkit-box-direction:normal;-ms-flex-direction:row;flex-direction:row}.elementor-widget-image-box.elementor-position-top .elementor-image-box-img{margin:auto}.elementor-widget-image-box.elementor-vertical-align-top .elementor-image-box-wrapper{-webkit-box-align:start;-ms-flex-align:start;align-items:flex-start}.elementor-widget-image-box.elementor-vertical-align-middle .elementor-image-box-wrapper{-webkit-box-align:center;-ms-flex-align:center;align-items:center}.elementor-widget-image-box.elementor-vertical-align-bottom .elementor-image-box-wrapper{-webkit-box-align:end;-ms-flex-align:end;align-items:flex-end}}@media (max-width:767px){.elementor-widget-image-box .elementor-image-box-img{margin-left:auto!important;margin-right:auto!important;margin-bottom:15px}}.elementor-widget-image-box .elementor-image-box-img{display:inline-block}.elementor-widget-image-box .elementor-image-box-title a{color:inherit}.elementor-widget-image-box .elementor-image-box-wrapper{text-align:center}.elementor-widget-image-box .elementor-image-box-description{margin:0}<\/style><div class=\"elementor-image-box-wrapper\"><figure class=\"elementor-image-box-img\"><img decoding=\"async\" src=\"https:\/\/slprocess.com.br\/wp-content\/uploads\/elementor\/thumbs\/Group-1-5-qh1y0vpu5tnzk04o20fgjwywj3x9hqliobwmd5y6dk.png\" title=\"Grupo 1 (5)\" alt=\"Group 1 (5)\" \/><\/figure><div class=\"elementor-image-box-content\"><h3 class=\"elementor-image-box-title\">Civil<\/h3><\/div><\/div>\t\t<\/div>\n\t\t\t\t<\/div>\n\t\t\t\t<div class=\"elementor-element elementor-element-7890319 elementor-position-left elementor-vertical-align-top elementor-widget elementor-widget-image-box\" data-id=\"7890319\" data-element_type=\"widget\" data-widget_type=\"image-box.default\">\n\t\t\t\t<div class=\"elementor-widget-container\">\n\t\t\t<div class=\"elementor-image-box-wrapper\"><figure class=\"elementor-image-box-img\"><img decoding=\"async\" src=\"https:\/\/slprocess.com.br\/wp-content\/uploads\/elementor\/thumbs\/Group-1-5-qh1y0vpu5tnzk04o20fgjwywj3x9hqliobwmd5y6dk.png\" title=\"Grupo 1 (5)\" alt=\"Group 1 (5)\" \/><\/figure><div class=\"elementor-image-box-content\"><h3 class=\"elementor-image-box-title\">mec\u00e1nica<\/h3><\/div><\/div>\t\t<\/div>\n\t\t\t\t<\/div>\n\t\t\t\t<div class=\"elementor-element elementor-element-86f4fb1 elementor-position-left elementor-vertical-align-top elementor-widget elementor-widget-image-box\" data-id=\"86f4fb1\" data-element_type=\"widget\" data-widget_type=\"image-box.default\">\n\t\t\t\t<div class=\"elementor-widget-container\">\n\t\t\t<div class=\"elementor-image-box-wrapper\"><figure class=\"elementor-image-box-img\"><img decoding=\"async\" src=\"https:\/\/slprocess.com.br\/wp-content\/uploads\/elementor\/thumbs\/Group-1-5-qh1y0vpu5tnzk04o20fgjwywj3x9hqliobwmd5y6dk.png\" title=\"Grupo 1 (5)\" alt=\"Group 1 (5)\" \/><\/figure><div class=\"elementor-image-box-content\"><h3 class=\"elementor-image-box-title\">El\u00e9ctrico<\/h3><\/div><\/div>\t\t<\/div>\n\t\t\t\t<\/div>\n\t\t\t\t<div class=\"elementor-element elementor-element-7c7d630 elementor-position-left elementor-vertical-align-top elementor-widget elementor-widget-image-box\" data-id=\"7c7d630\" data-element_type=\"widget\" data-widget_type=\"image-box.default\">\n\t\t\t\t<div class=\"elementor-widget-container\">\n\t\t\t<div class=\"elementor-image-box-wrapper\"><figure class=\"elementor-image-box-img\"><img decoding=\"async\" src=\"https:\/\/slprocess.com.br\/wp-content\/uploads\/elementor\/thumbs\/Group-1-5-qh1y0vpu5tnzk04o20fgjwywj3x9hqliobwmd5y6dk.png\" title=\"Grupo 1 (5)\" alt=\"Group 1 (5)\" \/><\/figure><div class=\"elementor-image-box-content\"><h3 class=\"elementor-image-box-title\">Arquitectura<\/h3><\/div><\/div>\t\t<\/div>\n\t\t\t\t<\/div>\n\t\t\t\t<div class=\"elementor-element elementor-element-d924ac4 elementor-position-left elementor-vertical-align-top elementor-widget elementor-widget-image-box\" data-id=\"d924ac4\" data-element_type=\"widget\" data-widget_type=\"image-box.default\">\n\t\t\t\t<div class=\"elementor-widget-container\">\n\t\t\t<div class=\"elementor-image-box-wrapper\"><figure class=\"elementor-image-box-img\"><img decoding=\"async\" src=\"https:\/\/slprocess.com.br\/wp-content\/uploads\/elementor\/thumbs\/Group-1-5-qh1y0vpu5tnzk04o20fgjwywj3x9hqliobwmd5y6dk.png\" title=\"Grupo 1 (5)\" alt=\"Group 1 (5)\" \/><\/figure><div class=\"elementor-image-box-content\"><h3 class=\"elementor-image-box-title\">Qu\u00edmica y procesos<\/h3><\/div><\/div>\t\t<\/div>\n\t\t\t\t<\/div>\n\t\t\t\t<div class=\"elementor-element elementor-element-78faa1b elementor-position-left elementor-vertical-align-top elementor-widget elementor-widget-image-box\" data-id=\"78faa1b\" data-element_type=\"widget\" data-widget_type=\"image-box.default\">\n\t\t\t\t<div class=\"elementor-widget-container\">\n\t\t\t<div class=\"elementor-image-box-wrapper\"><figure class=\"elementor-image-box-img\"><img decoding=\"async\" src=\"https:\/\/slprocess.com.br\/wp-content\/uploads\/elementor\/thumbs\/Group-1-5-qh1y0vpu5tnzk04o20fgjwywj3x9hqliobwmd5y6dk.png\" title=\"Grupo 1 (5)\" alt=\"Group 1 (5)\" \/><\/figure><div class=\"elementor-image-box-content\"><h3 class=\"elementor-image-box-title\">Automatizaci\u00f3n y TI<\/h3><\/div><\/div>\t\t<\/div>\n\t\t\t\t<\/div>\n\t\t\t\t<div class=\"elementor-element elementor-element-2857bf1 elementor-widget elementor-widget-spacer\" data-id=\"2857bf1\" data-element_type=\"widget\" data-widget_type=\"spacer.default\">\n\t\t\t\t<div class=\"elementor-widget-container\">\n\t\t\t\t\t<div class=\"elementor-spacer\">\n\t\t\t<div class=\"elementor-spacer-inner\"><\/div>\n\t\t<\/div>\n\t\t\t\t<\/div>\n\t\t\t\t<\/div>\n\t\t\t\t\t<\/div>\n\t\t<\/div>\n\t\t\t\t<div class=\"elementor-column elementor-col-50 elementor-top-column elementor-element elementor-element-7ecf625\" data-id=\"7ecf625\" data-element_type=\"column\">\n\t\t\t<div class=\"elementor-widget-wrap elementor-element-populated\">\n\t\t\t\t\t\t\t\t<div class=\"elementor-element elementor-element-a3d1683 elementor-widget elementor-widget-image\" data-id=\"a3d1683\" data-element_type=\"widget\" data-widget_type=\"image.default\">\n\t\t\t\t<div class=\"elementor-widget-container\">\n\t\t\t<style>\/*! elementor - v3.8.1 - 13-11-2022 *\/\n.elementor-widget-image{text-align:center}.elementor-widget-image a{display:inline-block}.elementor-widget-image a img[src$=\".svg\"]{width:48px}.elementor-widget-image img{vertical-align:middle;display:inline-block}<\/style>\t\t\t\t\t\t\t\t\t\t\t\t<img loading=\"lazy\" decoding=\"async\" width=\"1431\" height=\"1024\" src=\"https:\/\/slprocess.com.br\/wp-content\/uploads\/2023\/12\/Group-15.png\" class=\"attachment-full size-full\" alt=\"\" srcset=\"https:\/\/slprocess.com.br\/wp-content\/uploads\/2023\/12\/Group-15.png 1431w, https:\/\/slprocess.com.br\/wp-content\/uploads\/2023\/12\/Group-15-300x215.png 300w, https:\/\/slprocess.com.br\/wp-content\/uploads\/2023\/12\/Group-15-1024x733.png 1024w, https:\/\/slprocess.com.br\/wp-content\/uploads\/2023\/12\/Group-15-768x550.png 768w, https:\/\/slprocess.com.br\/wp-content\/uploads\/2023\/12\/Group-15-18x12.png 18w, https:\/\/slprocess.com.br\/wp-content\/uploads\/2023\/12\/Group-15-204x146.png 204w, https:\/\/slprocess.com.br\/wp-content\/uploads\/2023\/12\/Group-15-50x36.png 50w, https:\/\/slprocess.com.br\/wp-content\/uploads\/2023\/12\/Group-15-105x75.png 105w\" sizes=\"auto, (max-width: 1431px) 100vw, 1431px\" \/>\t\t\t\t\t\t\t\t\t\t\t\t\t\t\t<\/div>\n\t\t\t\t<\/div>\n\t\t\t\t\t<\/div>\n\t\t<\/div>\n\t\t\t\t\t\t\t<\/div>\n\t\t<\/section>\n\t\t\t\t<section class=\"elementor-section elementor-top-section elementor-element elementor-element-40f12832 elementor-section-full_width elementor-section-stretched elementor-section-height-default elementor-section-height-default wpr-particle-no wpr-jarallax-no wpr-parallax-no wpr-sticky-section-no\" data-id=\"40f12832\" data-element_type=\"section\" data-settings=\"{&quot;stretch_section&quot;:&quot;section-stretched&quot;}\">\n\t\t\t\t\t\t<div class=\"elementor-container elementor-column-gap-no\">\n\t\t\t\t\t<div class=\"elementor-column elementor-col-100 elementor-top-column elementor-element elementor-element-4c9635f0\" data-id=\"4c9635f0\" data-element_type=\"column\">\n\t\t\t<div class=\"elementor-widget-wrap elementor-element-populated\">\n\t\t\t\t\t\t\t\t<div class=\"elementor-element elementor-element-7b6fcc8f elementor-widget elementor-widget-image\" data-id=\"7b6fcc8f\" data-element_type=\"widget\" data-widget_type=\"image.default\">\n\t\t\t\t<div class=\"elementor-widget-container\">\n\t\t\t\t\t\t\t\t\t\t\t\t\t\t\t<img loading=\"lazy\" decoding=\"async\" width=\"1440\" height=\"73\" src=\"https:\/\/slprocess.com.br\/wp-content\/uploads\/2023\/12\/Rectangle-1-5.jpg\" class=\"attachment-full size-full\" alt=\"\" srcset=\"https:\/\/slprocess.com.br\/wp-content\/uploads\/2023\/12\/Rectangle-1-5.jpg 1440w, https:\/\/slprocess.com.br\/wp-content\/uploads\/2023\/12\/Rectangle-1-5-300x15.jpg 300w, https:\/\/slprocess.com.br\/wp-content\/uploads\/2023\/12\/Rectangle-1-5-1024x52.jpg 1024w, https:\/\/slprocess.com.br\/wp-content\/uploads\/2023\/12\/Rectangle-1-5-768x39.jpg 768w, https:\/\/slprocess.com.br\/wp-content\/uploads\/2023\/12\/Rectangle-1-5-18x1.jpg 18w, https:\/\/slprocess.com.br\/wp-content\/uploads\/2023\/12\/Rectangle-1-5-260x13.jpg 260w, https:\/\/slprocess.com.br\/wp-content\/uploads\/2023\/12\/Rectangle-1-5-50x3.jpg 50w, https:\/\/slprocess.com.br\/wp-content\/uploads\/2023\/12\/Rectangle-1-5-150x8.jpg 150w\" sizes=\"auto, (max-width: 1440px) 100vw, 1440px\" \/>\t\t\t\t\t\t\t\t\t\t\t\t\t\t\t<\/div>\n\t\t\t\t<\/div>\n\t\t\t\t\t<\/div>\n\t\t<\/div>\n\t\t\t\t\t\t\t<\/div>\n\t\t<\/section>\n\t\t\t\t<section class=\"elementor-section elementor-top-section elementor-element elementor-element-541df22f elementor-section-full_width elementor-section-stretched elementor-section-height-default elementor-section-height-default wpr-particle-no wpr-jarallax-no wpr-parallax-no wpr-sticky-section-no\" data-id=\"541df22f\" data-element_type=\"section\" data-settings=\"{&quot;stretch_section&quot;:&quot;section-stretched&quot;}\">\n\t\t\t\t\t\t<div class=\"elementor-container elementor-column-gap-no\">\n\t\t\t\t\t<div class=\"elementor-column elementor-col-50 elementor-top-column elementor-element elementor-element-47a0a4e6\" data-id=\"47a0a4e6\" data-element_type=\"column\">\n\t\t\t<div class=\"elementor-widget-wrap elementor-element-populated\">\n\t\t\t\t\t\t\t\t<div class=\"elementor-element elementor-element-2578fc83 elementor-widget elementor-widget-image\" data-id=\"2578fc83\" data-element_type=\"widget\" data-widget_type=\"image.default\">\n\t\t\t\t<div class=\"elementor-widget-container\">\n\t\t\t\t\t\t\t\t\t\t\t\t\t\t\t<img loading=\"lazy\" decoding=\"async\" width=\"615\" height=\"755\" src=\"https:\/\/slprocess.com.br\/wp-content\/uploads\/2023\/12\/Group-16-3.png\" class=\"attachment-full size-full\" alt=\"\" srcset=\"https:\/\/slprocess.com.br\/wp-content\/uploads\/2023\/12\/Group-16-3.png 615w, https:\/\/slprocess.com.br\/wp-content\/uploads\/2023\/12\/Group-16-3-244x300.png 244w, https:\/\/slprocess.com.br\/wp-content\/uploads\/2023\/12\/Group-16-3-10x12.png 10w, https:\/\/slprocess.com.br\/wp-content\/uploads\/2023\/12\/Group-16-3-119x146.png 119w, https:\/\/slprocess.com.br\/wp-content\/uploads\/2023\/12\/Group-16-3-41x50.png 41w, https:\/\/slprocess.com.br\/wp-content\/uploads\/2023\/12\/Group-16-3-61x75.png 61w\" sizes=\"auto, (max-width: 615px) 100vw, 615px\" \/>\t\t\t\t\t\t\t\t\t\t\t\t\t\t\t<\/div>\n\t\t\t\t<\/div>\n\t\t\t\t\t<\/div>\n\t\t<\/div>\n\t\t\t\t<div class=\"elementor-column elementor-col-50 elementor-top-column elementor-element elementor-element-1510a35e\" data-id=\"1510a35e\" data-element_type=\"column\">\n\t\t\t<div class=\"elementor-widget-wrap elementor-element-populated\">\n\t\t\t\t\t\t\t\t<div class=\"elementor-element elementor-element-2a4fbf26 elementor-widget elementor-widget-text-editor\" data-id=\"2a4fbf26\" data-element_type=\"widget\" data-widget_type=\"text-editor.default\">\n\t\t\t\t<div class=\"elementor-widget-container\">\n\t\t\t<style>\/*! elementor - v3.8.1 - 13-11-2022 *\/\n.elementor-widget-text-editor.elementor-drop-cap-view-stacked .elementor-drop-cap{background-color:#818a91;color:#fff}.elementor-widget-text-editor.elementor-drop-cap-view-framed .elementor-drop-cap{color:#818a91;border:3px solid;background-color:transparent}.elementor-widget-text-editor:not(.elementor-drop-cap-view-default) .elementor-drop-cap{margin-top:8px}.elementor-widget-text-editor:not(.elementor-drop-cap-view-default) .elementor-drop-cap-letter{width:1em;height:1em}.elementor-widget-text-editor .elementor-drop-cap{float:left;text-align:center;line-height:1;font-size:50px}.elementor-widget-text-editor .elementor-drop-cap-letter{display:inline-block}<\/style>\t\t\t\t<p>SL Process se especializa en desarrollar <strong>proyectos de ingenier\u00eda b\u00e1sica (FEL 1), FEL 2 y ejecutiva (FEL 3). <\/strong><\/p>\t\t\t\t\t\t<\/div>\n\t\t\t\t<\/div>\n\t\t\t\t<div class=\"elementor-element elementor-element-1c8b0d98 elementor-widget elementor-widget-text-editor\" data-id=\"1c8b0d98\" data-element_type=\"widget\" data-widget_type=\"text-editor.default\">\n\t\t\t\t<div class=\"elementor-widget-container\">\n\t\t\t\t\t\t\t<p>Nuestros servicios cubren una amplia gama de proyectos que incluyen CAPEX, OPEX, Greenfield, Revamps y m\u00e1s.<\/p>\t\t\t\t\t\t<\/div>\n\t\t\t\t<\/div>\n\t\t\t\t\t<\/div>\n\t\t<\/div>\n\t\t\t\t\t\t\t<\/div>\n\t\t<\/section>\n\t\t\t\t<section class=\"elementor-section elementor-top-section elementor-element elementor-element-b3ee121 elementor-section-full_width elementor-section-height-default elementor-section-height-default wpr-particle-no wpr-jarallax-no wpr-parallax-no wpr-sticky-section-no\" data-id=\"b3ee121\" data-element_type=\"section\" data-settings=\"{&quot;background_background&quot;:&quot;classic&quot;}\">\n\t\t\t\t\t\t<div class=\"elementor-container elementor-column-gap-default\">\n\t\t\t\t\t<div class=\"elementor-column elementor-col-100 elementor-top-column elementor-element elementor-element-fe15a0e\" data-id=\"fe15a0e\" data-element_type=\"column\">\n\t\t\t<div class=\"elementor-widget-wrap elementor-element-populated\">\n\t\t\t\t\t\t\t\t<div class=\"elementor-element elementor-element-1b77c8a elementor-widget elementor-widget-text-editor\" data-id=\"1b77c8a\" data-element_type=\"widget\" data-widget_type=\"text-editor.default\">\n\t\t\t\t<div class=\"elementor-widget-container\">\n\t\t\t\t\t\t\t<p>Nuestro enfoque se destaca por utilizar las tecnolog\u00edas de software m\u00e1s avanzadas, como Revit, Plant3D, Civil3D, Navisworks, Autodesk Construction Cloud y otros. Adoptamos el concepto de trabajo colaborativo e integrador, siguiendo estrictamente las <strong>proceso BIM<\/strong> (Modelado de informaci\u00f3n de construcci\u00f3n).<\/p><p>En proyectos que involucran instalaciones abandonadas, empleamos escaneo 3D y modelado de nubes de puntos para garantizar la m\u00e1xima agilidad y confiabilidad. Esto nos permite <strong>ofrecer excelentes soluciones de ingenier\u00eda.<\/strong><\/p>\t\t\t\t\t\t<\/div>\n\t\t\t\t<\/div>\n\t\t\t\t\t<\/div>\n\t\t<\/div>\n\t\t\t\t\t\t\t<\/div>\n\t\t<\/section>\n\t\t\t\t<section class=\"elementor-section elementor-top-section elementor-element elementor-element-c9ab2c4 elementor-section-full_width elementor-section-stretched elementor-section-height-default elementor-section-height-default wpr-particle-no wpr-jarallax-no wpr-parallax-no wpr-sticky-section-no\" data-id=\"c9ab2c4\" data-element_type=\"section\" data-settings=\"{&quot;stretch_section&quot;:&quot;section-stretched&quot;}\">\n\t\t\t\t\t\t<div class=\"elementor-container elementor-column-gap-no\">\n\t\t\t\t\t<div class=\"elementor-column elementor-col-50 elementor-top-column elementor-element elementor-element-3cc4953\" data-id=\"3cc4953\" data-element_type=\"column\">\n\t\t\t<div class=\"elementor-widget-wrap elementor-element-populated\">\n\t\t\t\t\t\t\t\t<div class=\"elementor-element elementor-element-704a6b0 elementor-widget elementor-widget-image\" data-id=\"704a6b0\" data-element_type=\"widget\" data-widget_type=\"image.default\">\n\t\t\t\t<div class=\"elementor-widget-container\">\n\t\t\t\t\t\t\t\t\t\t\t\t\t\t\t<img loading=\"lazy\" decoding=\"async\" width=\"982\" height=\"1024\" src=\"https:\/\/slprocess.com.br\/wp-content\/uploads\/2023\/12\/5879-1.png\" class=\"attachment-full size-full\" alt=\"\" srcset=\"https:\/\/slprocess.com.br\/wp-content\/uploads\/2023\/12\/5879-1.png 982w, https:\/\/slprocess.com.br\/wp-content\/uploads\/2023\/12\/5879-1-288x300.png 288w, https:\/\/slprocess.com.br\/wp-content\/uploads\/2023\/12\/5879-1-768x801.png 768w, https:\/\/slprocess.com.br\/wp-content\/uploads\/2023\/12\/5879-1-12x12.png 12w, https:\/\/slprocess.com.br\/wp-content\/uploads\/2023\/12\/5879-1-140x146.png 140w, https:\/\/slprocess.com.br\/wp-content\/uploads\/2023\/12\/5879-1-48x50.png 48w, https:\/\/slprocess.com.br\/wp-content\/uploads\/2023\/12\/5879-1-72x75.png 72w\" sizes=\"auto, (max-width: 982px) 100vw, 982px\" \/>\t\t\t\t\t\t\t\t\t\t\t\t\t\t\t<\/div>\n\t\t\t\t<\/div>\n\t\t\t\t\t<\/div>\n\t\t<\/div>\n\t\t\t\t<div class=\"elementor-column elementor-col-50 elementor-top-column elementor-element elementor-element-e853c14\" data-id=\"e853c14\" data-element_type=\"column\">\n\t\t\t<div class=\"elementor-widget-wrap elementor-element-populated\">\n\t\t\t\t\t\t\t\t<div class=\"elementor-element elementor-element-e1ba72f elementor-widget elementor-widget-image\" data-id=\"e1ba72f\" data-element_type=\"widget\" data-widget_type=\"image.default\">\n\t\t\t\t<div class=\"elementor-widget-container\">\n\t\t\t\t\t\t\t\t\t\t\t\t\t\t\t<img loading=\"lazy\" decoding=\"async\" width=\"835\" height=\"419\" src=\"https:\/\/slprocess.com.br\/wp-content\/uploads\/2023\/12\/Group-11-2.png\" class=\"attachment-full size-full\" alt=\"\" srcset=\"https:\/\/slprocess.com.br\/wp-content\/uploads\/2023\/12\/Group-11-2.png 835w, https:\/\/slprocess.com.br\/wp-content\/uploads\/2023\/12\/Group-11-2-300x151.png 300w, https:\/\/slprocess.com.br\/wp-content\/uploads\/2023\/12\/Group-11-2-768x385.png 768w, https:\/\/slprocess.com.br\/wp-content\/uploads\/2023\/12\/Group-11-2-18x9.png 18w, https:\/\/slprocess.com.br\/wp-content\/uploads\/2023\/12\/Group-11-2-260x130.png 260w, https:\/\/slprocess.com.br\/wp-content\/uploads\/2023\/12\/Group-11-2-50x25.png 50w, https:\/\/slprocess.com.br\/wp-content\/uploads\/2023\/12\/Group-11-2-150x75.png 150w\" sizes=\"auto, (max-width: 835px) 100vw, 835px\" \/>\t\t\t\t\t\t\t\t\t\t\t\t\t\t\t<\/div>\n\t\t\t\t<\/div>\n\t\t\t\t\t<\/div>\n\t\t<\/div>\n\t\t\t\t\t\t\t<\/div>\n\t\t<\/section>\n\t\t\t\t\t\t\t<\/div>","protected":false},"excerpt":{"rendered":"<p>Ingenier\u00eda Civil Mec\u00e1nica El\u00e9ctrica Arquitectura Qu\u00edmica y Procesos Automatizaci\u00f3n e IT SL Procesos est\u00e1 especializada en el desarrollo de proyectos de ingenier\u00eda b\u00e1sica (FEL 1), FEL<span class=\"excerpt-hellip\"> [\u2026]<\/span><\/p>","protected":false},"author":1,"featured_media":0,"parent":0,"menu_order":0,"comment_status":"closed","ping_status":"closed","template":"","meta":{"_joinchat":[],"footnotes":""},"class_list":["post-1493","page","type-page","status-publish","hentry"],"_links":{"self":[{"href":"https:\/\/slprocess.com.br\/es\/wp-json\/wp\/v2\/pages\/1493","targetHints":{"allow":["GET"]}}],"collection":[{"href":"https:\/\/slprocess.com.br\/es\/wp-json\/wp\/v2\/pages"}],"about":[{"href":"https:\/\/slprocess.com.br\/es\/wp-json\/wp\/v2\/types\/page"}],"author":[{"embeddable":true,"href":"https:\/\/slprocess.com.br\/es\/wp-json\/wp\/v2\/users\/1"}],"replies":[{"embeddable":true,"href":"https:\/\/slprocess.com.br\/es\/wp-json\/wp\/v2\/comments?post=1493"}],"version-history":[{"count":64,"href":"https:\/\/slprocess.com.br\/es\/wp-json\/wp\/v2\/pages\/1493\/revisions"}],"predecessor-version":[{"id":2655,"href":"https:\/\/slprocess.com.br\/es\/wp-json\/wp\/v2\/pages\/1493\/revisions\/2655"}],"wp:attachment":[{"href":"https:\/\/slprocess.com.br\/es\/wp-json\/wp\/v2\/media?parent=1493"}],"curies":[{"name":"wp","href":"https:\/\/api.w.org\/{rel}","templated":true}]}}