{"id":1512,"date":"2023-12-19T21:20:34","date_gmt":"2023-12-19T21:20:34","guid":{"rendered":"https:\/\/slprocess.com.br\/?page_id=1512"},"modified":"2024-08-21T00:30:01","modified_gmt":"2024-08-21T00:30:01","slug":"suprimentos","status":"publish","type":"page","link":"https:\/\/slprocess.com.br\/es\/suprimentos\/","title":{"rendered":"Suministros"},"content":{"rendered":"<div data-elementor-type=\"wp-page\" data-elementor-id=\"1512\" class=\"elementor elementor-1512\">\n\t\t\t\t\t\t\t\t\t<section class=\"elementor-section elementor-top-section elementor-element elementor-element-d5a1a8f elementor-section-full_width elementor-section-stretched elementor-section-height-default elementor-section-height-default wpr-particle-no wpr-jarallax-no wpr-parallax-no wpr-sticky-section-no\" data-id=\"d5a1a8f\" data-element_type=\"section\" data-settings=\"{&quot;stretch_section&quot;:&quot;section-stretched&quot;}\">\n\t\t\t\t\t\t<div class=\"elementor-container elementor-column-gap-no\">\n\t\t\t\t\t<div class=\"elementor-column elementor-col-50 elementor-top-column elementor-element elementor-element-58f436f\" data-id=\"58f436f\" data-element_type=\"column\">\n\t\t\t<div class=\"elementor-widget-wrap elementor-element-populated\">\n\t\t\t\t\t\t\t\t<div class=\"elementor-element elementor-element-47f5c39 elementor-widget elementor-widget-spacer\" data-id=\"47f5c39\" data-element_type=\"widget\" data-widget_type=\"spacer.default\">\n\t\t\t\t<div class=\"elementor-widget-container\">\n\t\t\t<style>\/*! elementor - v3.8.1 - 13-11-2022 *\/\n.elementor-column .elementor-spacer-inner{height:var(--spacer-size)}.e-con{--container-widget-width:100%}.e-con-inner>.elementor-widget-spacer,.e-con>.elementor-widget-spacer{width:var(--container-widget-width,var(--spacer-size));-ms-flex-item-align:stretch;align-self:stretch;-ms-flex-negative:0;flex-shrink:0}.e-con-inner>.elementor-widget-spacer>.elementor-widget-container,.e-con-inner>.elementor-widget-spacer>.elementor-widget-container>.elementor-spacer,.e-con>.elementor-widget-spacer>.elementor-widget-container,.e-con>.elementor-widget-spacer>.elementor-widget-container>.elementor-spacer{height:100%}.e-con-inner>.elementor-widget-spacer>.elementor-widget-container>.elementor-spacer>.elementor-spacer-inner,.e-con>.elementor-widget-spacer>.elementor-widget-container>.elementor-spacer>.elementor-spacer-inner{height:var(--container-widget-height,var(--spacer-size))}<\/style>\t\t<div class=\"elementor-spacer\">\n\t\t\t<div class=\"elementor-spacer-inner\"><\/div>\n\t\t<\/div>\n\t\t\t\t<\/div>\n\t\t\t\t<\/div>\n\t\t\t\t<div class=\"elementor-element elementor-element-5e1a908 elementor-widget elementor-widget-heading\" data-id=\"5e1a908\" data-element_type=\"widget\" data-widget_type=\"heading.default\">\n\t\t\t\t<div class=\"elementor-widget-container\">\n\t\t\t<style>\/*! elementor - v3.8.1 - 13-11-2022 *\/\n.elementor-heading-title{padding:0;margin:0;line-height:1}.elementor-widget-heading .elementor-heading-title[class*=elementor-size-]>a{color:inherit;font-size:inherit;line-height:inherit}.elementor-widget-heading .elementor-heading-title.elementor-size-small{font-size:15px}.elementor-widget-heading .elementor-heading-title.elementor-size-medium{font-size:19px}.elementor-widget-heading .elementor-heading-title.elementor-size-large{font-size:29px}.elementor-widget-heading .elementor-heading-title.elementor-size-xl{font-size:39px}.elementor-widget-heading .elementor-heading-title.elementor-size-xxl{font-size:59px}<\/style><h2 class=\"elementor-heading-title elementor-size-default\">Suministros<\/h2>\t\t<\/div>\n\t\t\t\t<\/div>\n\t\t\t\t<div class=\"elementor-element elementor-element-afac416 elementor-widget elementor-widget-spacer\" data-id=\"afac416\" data-element_type=\"widget\" data-widget_type=\"spacer.default\">\n\t\t\t\t<div class=\"elementor-widget-container\">\n\t\t\t\t\t<div class=\"elementor-spacer\">\n\t\t\t<div class=\"elementor-spacer-inner\"><\/div>\n\t\t<\/div>\n\t\t\t\t<\/div>\n\t\t\t\t<\/div>\n\t\t\t\t<div class=\"elementor-element elementor-element-db87d25 elementor-position-left elementor-vertical-align-top elementor-widget elementor-widget-image-box\" data-id=\"db87d25\" data-element_type=\"widget\" data-widget_type=\"image-box.default\">\n\t\t\t\t<div class=\"elementor-widget-container\">\n\t\t\t<style>\/*! elementor - v3.8.1 - 13-11-2022 *\/\n.elementor-widget-image-box .elementor-image-box-content{width:100%}@media (min-width:768px){.elementor-widget-image-box.elementor-position-left .elementor-image-box-wrapper,.elementor-widget-image-box.elementor-position-right .elementor-image-box-wrapper{display:-webkit-box;display:-ms-flexbox;display:flex}.elementor-widget-image-box.elementor-position-right .elementor-image-box-wrapper{text-align:right;-webkit-box-orient:horizontal;-webkit-box-direction:reverse;-ms-flex-direction:row-reverse;flex-direction:row-reverse}.elementor-widget-image-box.elementor-position-left .elementor-image-box-wrapper{text-align:left;-webkit-box-orient:horizontal;-webkit-box-direction:normal;-ms-flex-direction:row;flex-direction:row}.elementor-widget-image-box.elementor-position-top .elementor-image-box-img{margin:auto}.elementor-widget-image-box.elementor-vertical-align-top .elementor-image-box-wrapper{-webkit-box-align:start;-ms-flex-align:start;align-items:flex-start}.elementor-widget-image-box.elementor-vertical-align-middle .elementor-image-box-wrapper{-webkit-box-align:center;-ms-flex-align:center;align-items:center}.elementor-widget-image-box.elementor-vertical-align-bottom .elementor-image-box-wrapper{-webkit-box-align:end;-ms-flex-align:end;align-items:flex-end}}@media (max-width:767px){.elementor-widget-image-box .elementor-image-box-img{margin-left:auto!important;margin-right:auto!important;margin-bottom:15px}}.elementor-widget-image-box .elementor-image-box-img{display:inline-block}.elementor-widget-image-box .elementor-image-box-title a{color:inherit}.elementor-widget-image-box .elementor-image-box-wrapper{text-align:center}.elementor-widget-image-box .elementor-image-box-description{margin:0}<\/style><div class=\"elementor-image-box-wrapper\"><figure class=\"elementor-image-box-img\"><img decoding=\"async\" src=\"https:\/\/slprocess.com.br\/wp-content\/uploads\/elementor\/thumbs\/Group-1-5-qh1y0vpu5tnzk04o20fgjwywj3x9hqliobwmd5y6dk.png\" title=\"Grupo 1 (5)\" alt=\"Group 1 (5)\" \/><\/figure><div class=\"elementor-image-box-content\"><h3 class=\"elementor-image-box-title\">Especificaciones t\u00e9cnicas de compra<\/h3><\/div><\/div>\t\t<\/div>\n\t\t\t\t<\/div>\n\t\t\t\t<div class=\"elementor-element elementor-element-4e69307 elementor-position-left elementor-vertical-align-top elementor-widget elementor-widget-image-box\" data-id=\"4e69307\" data-element_type=\"widget\" data-widget_type=\"image-box.default\">\n\t\t\t\t<div class=\"elementor-widget-container\">\n\t\t\t<div class=\"elementor-image-box-wrapper\"><figure class=\"elementor-image-box-img\"><img decoding=\"async\" src=\"https:\/\/slprocess.com.br\/wp-content\/uploads\/elementor\/thumbs\/Group-1-5-qh1y0vpu5tnzk04o20fgjwywj3x9hqliobwmd5y6dk.png\" title=\"Grupo 1 (5)\" alt=\"Group 1 (5)\" \/><\/figure><div class=\"elementor-image-box-content\"><h3 class=\"elementor-image-box-title\">Debida diligencia de fabricaci\u00f3n<\/h3><\/div><\/div>\t\t<\/div>\n\t\t\t\t<\/div>\n\t\t\t\t<div class=\"elementor-element elementor-element-6713dde elementor-position-left elementor-vertical-align-top elementor-widget elementor-widget-image-box\" data-id=\"6713dde\" data-element_type=\"widget\" data-widget_type=\"image-box.default\">\n\t\t\t\t<div class=\"elementor-widget-container\">\n\t\t\t<div class=\"elementor-image-box-wrapper\"><figure class=\"elementor-image-box-img\"><img decoding=\"async\" src=\"https:\/\/slprocess.com.br\/wp-content\/uploads\/elementor\/thumbs\/Group-1-5-qh1y0vpu5tnzk04o20fgjwywj3x9hqliobwmd5y6dk.png\" title=\"Grupo 1 (5)\" alt=\"Group 1 (5)\" \/><\/figure><div class=\"elementor-image-box-content\"><h3 class=\"elementor-image-box-title\">Soporte en compras y gesti\u00f3n de contratos.<\/h3><\/div><\/div>\t\t<\/div>\n\t\t\t\t<\/div>\n\t\t\t\t<div class=\"elementor-element elementor-element-ccefa9d elementor-widget elementor-widget-spacer\" data-id=\"ccefa9d\" data-element_type=\"widget\" data-widget_type=\"spacer.default\">\n\t\t\t\t<div class=\"elementor-widget-container\">\n\t\t\t\t\t<div class=\"elementor-spacer\">\n\t\t\t<div class=\"elementor-spacer-inner\"><\/div>\n\t\t<\/div>\n\t\t\t\t<\/div>\n\t\t\t\t<\/div>\n\t\t\t\t\t<\/div>\n\t\t<\/div>\n\t\t\t\t<div class=\"elementor-column elementor-col-50 elementor-top-column elementor-element elementor-element-8657312\" data-id=\"8657312\" data-element_type=\"column\">\n\t\t\t<div class=\"elementor-widget-wrap elementor-element-populated\">\n\t\t\t\t\t\t\t\t<div class=\"elementor-element elementor-element-8452f5d elementor-widget elementor-widget-image\" data-id=\"8452f5d\" data-element_type=\"widget\" data-widget_type=\"image.default\">\n\t\t\t\t<div class=\"elementor-widget-container\">\n\t\t\t<style>\/*! elementor - v3.8.1 - 13-11-2022 *\/\n.elementor-widget-image{text-align:center}.elementor-widget-image a{display:inline-block}.elementor-widget-image a img[src$=\".svg\"]{width:48px}.elementor-widget-image img{vertical-align:middle;display:inline-block}<\/style>\t\t\t\t\t\t\t\t\t\t\t\t<img loading=\"lazy\" decoding=\"async\" width=\"1024\" height=\"938\" src=\"https:\/\/slprocess.com.br\/wp-content\/uploads\/2023\/12\/Group-17-3-1024x938.png\" class=\"attachment-large size-large\" alt=\"\" srcset=\"https:\/\/slprocess.com.br\/wp-content\/uploads\/2023\/12\/Group-17-3-1024x938.png 1024w, https:\/\/slprocess.com.br\/wp-content\/uploads\/2023\/12\/Group-17-3-300x275.png 300w, https:\/\/slprocess.com.br\/wp-content\/uploads\/2023\/12\/Group-17-3-768x703.png 768w, https:\/\/slprocess.com.br\/wp-content\/uploads\/2023\/12\/Group-17-3-13x12.png 13w, https:\/\/slprocess.com.br\/wp-content\/uploads\/2023\/12\/Group-17-3-159x146.png 159w, https:\/\/slprocess.com.br\/wp-content\/uploads\/2023\/12\/Group-17-3-50x46.png 50w, https:\/\/slprocess.com.br\/wp-content\/uploads\/2023\/12\/Group-17-3-82x75.png 82w, https:\/\/slprocess.com.br\/wp-content\/uploads\/2023\/12\/Group-17-3.png 1118w\" sizes=\"auto, (max-width: 1024px) 100vw, 1024px\" \/>\t\t\t\t\t\t\t\t\t\t\t\t\t\t\t<\/div>\n\t\t\t\t<\/div>\n\t\t\t\t\t<\/div>\n\t\t<\/div>\n\t\t\t\t\t\t\t<\/div>\n\t\t<\/section>\n\t\t\t\t<section class=\"elementor-section elementor-top-section elementor-element elementor-element-6a4b521 elementor-section-full_width elementor-section-stretched elementor-section-height-default elementor-section-height-default wpr-particle-no wpr-jarallax-no wpr-parallax-no wpr-sticky-section-no\" data-id=\"6a4b521\" data-element_type=\"section\" data-settings=\"{&quot;stretch_section&quot;:&quot;section-stretched&quot;}\">\n\t\t\t\t\t\t<div class=\"elementor-container elementor-column-gap-no\">\n\t\t\t\t\t<div class=\"elementor-column elementor-col-100 elementor-top-column elementor-element elementor-element-e924002\" data-id=\"e924002\" data-element_type=\"column\">\n\t\t\t<div class=\"elementor-widget-wrap elementor-element-populated\">\n\t\t\t\t\t\t\t\t<div class=\"elementor-element elementor-element-592395b elementor-widget elementor-widget-image\" data-id=\"592395b\" data-element_type=\"widget\" data-widget_type=\"image.default\">\n\t\t\t\t<div class=\"elementor-widget-container\">\n\t\t\t\t\t\t\t\t\t\t\t\t\t\t\t<img loading=\"lazy\" decoding=\"async\" width=\"1440\" height=\"73\" src=\"https:\/\/slprocess.com.br\/wp-content\/uploads\/2023\/12\/Rectangle-1-5.jpg\" class=\"attachment-full size-full\" alt=\"\" srcset=\"https:\/\/slprocess.com.br\/wp-content\/uploads\/2023\/12\/Rectangle-1-5.jpg 1440w, https:\/\/slprocess.com.br\/wp-content\/uploads\/2023\/12\/Rectangle-1-5-300x15.jpg 300w, https:\/\/slprocess.com.br\/wp-content\/uploads\/2023\/12\/Rectangle-1-5-1024x52.jpg 1024w, https:\/\/slprocess.com.br\/wp-content\/uploads\/2023\/12\/Rectangle-1-5-768x39.jpg 768w, https:\/\/slprocess.com.br\/wp-content\/uploads\/2023\/12\/Rectangle-1-5-18x1.jpg 18w, https:\/\/slprocess.com.br\/wp-content\/uploads\/2023\/12\/Rectangle-1-5-260x13.jpg 260w, https:\/\/slprocess.com.br\/wp-content\/uploads\/2023\/12\/Rectangle-1-5-50x3.jpg 50w, https:\/\/slprocess.com.br\/wp-content\/uploads\/2023\/12\/Rectangle-1-5-150x8.jpg 150w\" sizes=\"auto, (max-width: 1440px) 100vw, 1440px\" \/>\t\t\t\t\t\t\t\t\t\t\t\t\t\t\t<\/div>\n\t\t\t\t<\/div>\n\t\t\t\t\t<\/div>\n\t\t<\/div>\n\t\t\t\t\t\t\t<\/div>\n\t\t<\/section>\n\t\t\t\t<section class=\"elementor-section elementor-top-section elementor-element elementor-element-37bfb3a3 elementor-section-full_width elementor-section-stretched elementor-section-height-default elementor-section-height-default wpr-particle-no wpr-jarallax-no wpr-parallax-no wpr-sticky-section-no\" data-id=\"37bfb3a3\" data-element_type=\"section\" data-settings=\"{&quot;stretch_section&quot;:&quot;section-stretched&quot;}\">\n\t\t\t\t\t\t<div class=\"elementor-container elementor-column-gap-no\">\n\t\t\t\t\t<div class=\"elementor-column elementor-col-50 elementor-top-column elementor-element elementor-element-5c39ab3c\" data-id=\"5c39ab3c\" data-element_type=\"column\">\n\t\t\t<div class=\"elementor-widget-wrap elementor-element-populated\">\n\t\t\t\t\t\t\t\t<div class=\"elementor-element elementor-element-6313a9fe elementor-widget elementor-widget-image\" data-id=\"6313a9fe\" data-element_type=\"widget\" data-widget_type=\"image.default\">\n\t\t\t\t<div class=\"elementor-widget-container\">\n\t\t\t\t\t\t\t\t\t\t\t\t\t\t\t<img loading=\"lazy\" decoding=\"async\" width=\"615\" height=\"755\" src=\"https:\/\/slprocess.com.br\/wp-content\/uploads\/2023\/12\/Group-18-4.png\" class=\"attachment-full size-full\" alt=\"\" srcset=\"https:\/\/slprocess.com.br\/wp-content\/uploads\/2023\/12\/Group-18-4.png 615w, https:\/\/slprocess.com.br\/wp-content\/uploads\/2023\/12\/Group-18-4-244x300.png 244w, https:\/\/slprocess.com.br\/wp-content\/uploads\/2023\/12\/Group-18-4-10x12.png 10w, https:\/\/slprocess.com.br\/wp-content\/uploads\/2023\/12\/Group-18-4-119x146.png 119w, https:\/\/slprocess.com.br\/wp-content\/uploads\/2023\/12\/Group-18-4-41x50.png 41w, https:\/\/slprocess.com.br\/wp-content\/uploads\/2023\/12\/Group-18-4-61x75.png 61w\" sizes=\"auto, (max-width: 615px) 100vw, 615px\" \/>\t\t\t\t\t\t\t\t\t\t\t\t\t\t\t<\/div>\n\t\t\t\t<\/div>\n\t\t\t\t\t<\/div>\n\t\t<\/div>\n\t\t\t\t<div class=\"elementor-column elementor-col-50 elementor-top-column elementor-element elementor-element-32dc7da3\" data-id=\"32dc7da3\" data-element_type=\"column\">\n\t\t\t<div class=\"elementor-widget-wrap elementor-element-populated\">\n\t\t\t\t\t\t\t\t<div class=\"elementor-element elementor-element-24abc2ed elementor-widget elementor-widget-text-editor\" data-id=\"24abc2ed\" data-element_type=\"widget\" data-widget_type=\"text-editor.default\">\n\t\t\t\t<div class=\"elementor-widget-container\">\n\t\t\t<style>\/*! elementor - v3.8.1 - 13-11-2022 *\/\n.elementor-widget-text-editor.elementor-drop-cap-view-stacked .elementor-drop-cap{background-color:#818a91;color:#fff}.elementor-widget-text-editor.elementor-drop-cap-view-framed .elementor-drop-cap{color:#818a91;border:3px solid;background-color:transparent}.elementor-widget-text-editor:not(.elementor-drop-cap-view-default) .elementor-drop-cap{margin-top:8px}.elementor-widget-text-editor:not(.elementor-drop-cap-view-default) .elementor-drop-cap-letter{width:1em;height:1em}.elementor-widget-text-editor .elementor-drop-cap{float:left;text-align:center;line-height:1;font-size:50px}.elementor-widget-text-editor .elementor-drop-cap-letter{display:inline-block}<\/style>\t\t\t\t<p>SL Process opera en el \u00e1rea de <strong>suministros<\/strong>, trabajando en estrecha colaboraci\u00f3n con los clientes para garantizar que las compras de equipos y materiales cumplan con las especificaciones requeridas y se ejecuten de manera adecuada.\u00a0<\/p>\t\t\t\t\t\t<\/div>\n\t\t\t\t<\/div>\n\t\t\t\t\t<\/div>\n\t\t<\/div>\n\t\t\t\t\t\t\t<\/div>\n\t\t<\/section>\n\t\t\t\t<section class=\"elementor-section elementor-top-section elementor-element elementor-element-cab7b7d elementor-section-full_width elementor-section-height-default elementor-section-height-default wpr-particle-no wpr-jarallax-no wpr-parallax-no wpr-sticky-section-no\" data-id=\"cab7b7d\" data-element_type=\"section\" data-settings=\"{&quot;background_background&quot;:&quot;classic&quot;}\">\n\t\t\t\t\t\t<div class=\"elementor-container elementor-column-gap-default\">\n\t\t\t\t\t<div class=\"elementor-column elementor-col-100 elementor-top-column elementor-element elementor-element-b003b68\" data-id=\"b003b68\" data-element_type=\"column\">\n\t\t\t<div class=\"elementor-widget-wrap elementor-element-populated\">\n\t\t\t\t\t\t\t\t<div class=\"elementor-element elementor-element-548fda5 elementor-widget elementor-widget-text-editor\" data-id=\"548fda5\" data-element_type=\"widget\" data-widget_type=\"text-editor.default\">\n\t\t\t\t<div class=\"elementor-widget-container\">\n\t\t\t\t\t\t\t<p>Adem\u00e1s, SL Process juega un papel fundamental a la hora de igualar propuestas, aportando seguridad a los clientes a la hora de elegir proveedores. Adem\u00e1s, ofrecemos servicios integrales de debida diligencia, que incluyen visitas a fabricantes para evaluar los procesos de producci\u00f3n, generar informes detallados y seguimiento para garantizar entregas oportunas y precisas.<\/p>\t\t\t\t\t\t<\/div>\n\t\t\t\t<\/div>\n\t\t\t\t\t<\/div>\n\t\t<\/div>\n\t\t\t\t\t\t\t<\/div>\n\t\t<\/section>\n\t\t\t\t<section class=\"elementor-section elementor-top-section elementor-element elementor-element-eb79cd3 elementor-section-full_width elementor-section-stretched elementor-section-height-default elementor-section-height-default wpr-particle-no wpr-jarallax-no wpr-parallax-no wpr-sticky-section-no\" data-id=\"eb79cd3\" data-element_type=\"section\" data-settings=\"{&quot;stretch_section&quot;:&quot;section-stretched&quot;}\">\n\t\t\t\t\t\t<div class=\"elementor-container elementor-column-gap-no\">\n\t\t\t\t\t<div class=\"elementor-column elementor-col-50 elementor-top-column elementor-element elementor-element-601df35\" data-id=\"601df35\" data-element_type=\"column\">\n\t\t\t<div class=\"elementor-widget-wrap elementor-element-populated\">\n\t\t\t\t\t\t\t\t<div class=\"elementor-element elementor-element-5cc9c3a elementor-widget elementor-widget-image\" data-id=\"5cc9c3a\" data-element_type=\"widget\" data-widget_type=\"image.default\">\n\t\t\t\t<div class=\"elementor-widget-container\">\n\t\t\t\t\t\t\t\t\t\t\t\t\t\t\t<img loading=\"lazy\" decoding=\"async\" width=\"982\" height=\"1024\" src=\"https:\/\/slprocess.com.br\/wp-content\/uploads\/2023\/12\/5879-1.png\" class=\"attachment-full size-full\" alt=\"\" srcset=\"https:\/\/slprocess.com.br\/wp-content\/uploads\/2023\/12\/5879-1.png 982w, https:\/\/slprocess.com.br\/wp-content\/uploads\/2023\/12\/5879-1-288x300.png 288w, https:\/\/slprocess.com.br\/wp-content\/uploads\/2023\/12\/5879-1-768x801.png 768w, https:\/\/slprocess.com.br\/wp-content\/uploads\/2023\/12\/5879-1-12x12.png 12w, https:\/\/slprocess.com.br\/wp-content\/uploads\/2023\/12\/5879-1-140x146.png 140w, https:\/\/slprocess.com.br\/wp-content\/uploads\/2023\/12\/5879-1-48x50.png 48w, https:\/\/slprocess.com.br\/wp-content\/uploads\/2023\/12\/5879-1-72x75.png 72w\" sizes=\"auto, (max-width: 982px) 100vw, 982px\" \/>\t\t\t\t\t\t\t\t\t\t\t\t\t\t\t<\/div>\n\t\t\t\t<\/div>\n\t\t\t\t\t<\/div>\n\t\t<\/div>\n\t\t\t\t<div class=\"elementor-column elementor-col-50 elementor-top-column elementor-element elementor-element-d79dadd\" data-id=\"d79dadd\" data-element_type=\"column\">\n\t\t\t<div class=\"elementor-widget-wrap elementor-element-populated\">\n\t\t\t\t\t\t\t\t<div class=\"elementor-element elementor-element-fc6f5ce elementor-widget elementor-widget-image\" data-id=\"fc6f5ce\" data-element_type=\"widget\" data-widget_type=\"image.default\">\n\t\t\t\t<div class=\"elementor-widget-container\">\n\t\t\t\t\t\t\t\t\t\t\t\t\t\t\t<img loading=\"lazy\" decoding=\"async\" width=\"835\" height=\"419\" src=\"https:\/\/slprocess.com.br\/wp-content\/uploads\/2023\/12\/Group-11-2.png\" class=\"attachment-full size-full\" alt=\"\" srcset=\"https:\/\/slprocess.com.br\/wp-content\/uploads\/2023\/12\/Group-11-2.png 835w, https:\/\/slprocess.com.br\/wp-content\/uploads\/2023\/12\/Group-11-2-300x151.png 300w, https:\/\/slprocess.com.br\/wp-content\/uploads\/2023\/12\/Group-11-2-768x385.png 768w, https:\/\/slprocess.com.br\/wp-content\/uploads\/2023\/12\/Group-11-2-18x9.png 18w, https:\/\/slprocess.com.br\/wp-content\/uploads\/2023\/12\/Group-11-2-260x130.png 260w, https:\/\/slprocess.com.br\/wp-content\/uploads\/2023\/12\/Group-11-2-50x25.png 50w, https:\/\/slprocess.com.br\/wp-content\/uploads\/2023\/12\/Group-11-2-150x75.png 150w\" sizes=\"auto, (max-width: 835px) 100vw, 835px\" \/>\t\t\t\t\t\t\t\t\t\t\t\t\t\t\t<\/div>\n\t\t\t\t<\/div>\n\t\t\t\t\t<\/div>\n\t\t<\/div>\n\t\t\t\t\t\t\t<\/div>\n\t\t<\/section>\n\t\t\t\t\t\t\t<\/div>","protected":false},"excerpt":{"rendered":"<p>Suministros Especificaciones t\u00e9cnicas de compra Agilizaci\u00f3n de fabricaci\u00f3n Soporte en compras y gesti\u00f3n de contratos SL Process opera en el \u00e1rea de aprovisionamiento, trabajando en estrecha colaboraci\u00f3n<span class=\"excerpt-hellip\"> [\u2026]<\/span><\/p>","protected":false},"author":1,"featured_media":0,"parent":0,"menu_order":0,"comment_status":"closed","ping_status":"closed","template":"","meta":{"_joinchat":[],"footnotes":""},"class_list":["post-1512","page","type-page","status-publish","hentry"],"_links":{"self":[{"href":"https:\/\/slprocess.com.br\/es\/wp-json\/wp\/v2\/pages\/1512","targetHints":{"allow":["GET"]}}],"collection":[{"href":"https:\/\/slprocess.com.br\/es\/wp-json\/wp\/v2\/pages"}],"about":[{"href":"https:\/\/slprocess.com.br\/es\/wp-json\/wp\/v2\/types\/page"}],"author":[{"embeddable":true,"href":"https:\/\/slprocess.com.br\/es\/wp-json\/wp\/v2\/users\/1"}],"replies":[{"embeddable":true,"href":"https:\/\/slprocess.com.br\/es\/wp-json\/wp\/v2\/comments?post=1512"}],"version-history":[{"count":22,"href":"https:\/\/slprocess.com.br\/es\/wp-json\/wp\/v2\/pages\/1512\/revisions"}],"predecessor-version":[{"id":2359,"href":"https:\/\/slprocess.com.br\/es\/wp-json\/wp\/v2\/pages\/1512\/revisions\/2359"}],"wp:attachment":[{"href":"https:\/\/slprocess.com.br\/es\/wp-json\/wp\/v2\/media?parent=1512"}],"curies":[{"name":"wp","href":"https:\/\/api.w.org\/{rel}","templated":true}]}}