{"id":1525,"date":"2023-12-19T21:30:27","date_gmt":"2023-12-19T21:30:27","guid":{"rendered":"https:\/\/slprocess.com.br\/?page_id=1525"},"modified":"2024-08-21T00:33:42","modified_gmt":"2024-08-21T00:33:42","slug":"gerenciamento","status":"publish","type":"page","link":"https:\/\/slprocess.com.br\/es\/gerenciamento\/","title":{"rendered":"administraci\u00f3n"},"content":{"rendered":"<div data-elementor-type=\"wp-page\" data-elementor-id=\"1525\" class=\"elementor elementor-1525\">\n\t\t\t\t\t\t\t\t\t<section class=\"elementor-section elementor-top-section elementor-element elementor-element-a3c9d06 elementor-section-full_width elementor-section-stretched elementor-section-height-default elementor-section-height-default wpr-particle-no wpr-jarallax-no wpr-parallax-no wpr-sticky-section-no\" data-id=\"a3c9d06\" data-element_type=\"section\" data-settings=\"{&quot;stretch_section&quot;:&quot;section-stretched&quot;}\">\n\t\t\t\t\t\t<div class=\"elementor-container elementor-column-gap-no\">\n\t\t\t\t\t<div class=\"elementor-column elementor-col-50 elementor-top-column elementor-element elementor-element-a7102e8\" data-id=\"a7102e8\" data-element_type=\"column\">\n\t\t\t<div class=\"elementor-widget-wrap elementor-element-populated\">\n\t\t\t\t\t\t\t\t<div class=\"elementor-element elementor-element-f5ca93e elementor-widget elementor-widget-spacer\" data-id=\"f5ca93e\" data-element_type=\"widget\" data-widget_type=\"spacer.default\">\n\t\t\t\t<div class=\"elementor-widget-container\">\n\t\t\t<style>\/*! elementor - v3.8.1 - 13-11-2022 *\/\n.elementor-column .elementor-spacer-inner{height:var(--spacer-size)}.e-con{--container-widget-width:100%}.e-con-inner>.elementor-widget-spacer,.e-con>.elementor-widget-spacer{width:var(--container-widget-width,var(--spacer-size));-ms-flex-item-align:stretch;align-self:stretch;-ms-flex-negative:0;flex-shrink:0}.e-con-inner>.elementor-widget-spacer>.elementor-widget-container,.e-con-inner>.elementor-widget-spacer>.elementor-widget-container>.elementor-spacer,.e-con>.elementor-widget-spacer>.elementor-widget-container,.e-con>.elementor-widget-spacer>.elementor-widget-container>.elementor-spacer{height:100%}.e-con-inner>.elementor-widget-spacer>.elementor-widget-container>.elementor-spacer>.elementor-spacer-inner,.e-con>.elementor-widget-spacer>.elementor-widget-container>.elementor-spacer>.elementor-spacer-inner{height:var(--container-widget-height,var(--spacer-size))}<\/style>\t\t<div class=\"elementor-spacer\">\n\t\t\t<div class=\"elementor-spacer-inner\"><\/div>\n\t\t<\/div>\n\t\t\t\t<\/div>\n\t\t\t\t<\/div>\n\t\t\t\t<div class=\"elementor-element elementor-element-4e8f143 elementor-widget elementor-widget-heading\" data-id=\"4e8f143\" data-element_type=\"widget\" data-widget_type=\"heading.default\">\n\t\t\t\t<div class=\"elementor-widget-container\">\n\t\t\t<style>\/*! elementor - v3.8.1 - 13-11-2022 *\/\n.elementor-heading-title{padding:0;margin:0;line-height:1}.elementor-widget-heading .elementor-heading-title[class*=elementor-size-]>a{color:inherit;font-size:inherit;line-height:inherit}.elementor-widget-heading .elementor-heading-title.elementor-size-small{font-size:15px}.elementor-widget-heading .elementor-heading-title.elementor-size-medium{font-size:19px}.elementor-widget-heading .elementor-heading-title.elementor-size-large{font-size:29px}.elementor-widget-heading .elementor-heading-title.elementor-size-xl{font-size:39px}.elementor-widget-heading .elementor-heading-title.elementor-size-xxl{font-size:59px}<\/style><h2 class=\"elementor-heading-title elementor-size-default\">administraci\u00f3n<\/h2>\t\t<\/div>\n\t\t\t\t<\/div>\n\t\t\t\t<div class=\"elementor-element elementor-element-1268cd5 elementor-widget elementor-widget-spacer\" data-id=\"1268cd5\" data-element_type=\"widget\" data-widget_type=\"spacer.default\">\n\t\t\t\t<div class=\"elementor-widget-container\">\n\t\t\t\t\t<div class=\"elementor-spacer\">\n\t\t\t<div class=\"elementor-spacer-inner\"><\/div>\n\t\t<\/div>\n\t\t\t\t<\/div>\n\t\t\t\t<\/div>\n\t\t\t\t<div class=\"elementor-element elementor-element-28ec7ee elementor-position-left elementor-vertical-align-top elementor-widget elementor-widget-image-box\" data-id=\"28ec7ee\" data-element_type=\"widget\" data-widget_type=\"image-box.default\">\n\t\t\t\t<div class=\"elementor-widget-container\">\n\t\t\t<style>\/*! elementor - v3.8.1 - 13-11-2022 *\/\n.elementor-widget-image-box .elementor-image-box-content{width:100%}@media (min-width:768px){.elementor-widget-image-box.elementor-position-left .elementor-image-box-wrapper,.elementor-widget-image-box.elementor-position-right .elementor-image-box-wrapper{display:-webkit-box;display:-ms-flexbox;display:flex}.elementor-widget-image-box.elementor-position-right .elementor-image-box-wrapper{text-align:right;-webkit-box-orient:horizontal;-webkit-box-direction:reverse;-ms-flex-direction:row-reverse;flex-direction:row-reverse}.elementor-widget-image-box.elementor-position-left .elementor-image-box-wrapper{text-align:left;-webkit-box-orient:horizontal;-webkit-box-direction:normal;-ms-flex-direction:row;flex-direction:row}.elementor-widget-image-box.elementor-position-top .elementor-image-box-img{margin:auto}.elementor-widget-image-box.elementor-vertical-align-top .elementor-image-box-wrapper{-webkit-box-align:start;-ms-flex-align:start;align-items:flex-start}.elementor-widget-image-box.elementor-vertical-align-middle .elementor-image-box-wrapper{-webkit-box-align:center;-ms-flex-align:center;align-items:center}.elementor-widget-image-box.elementor-vertical-align-bottom .elementor-image-box-wrapper{-webkit-box-align:end;-ms-flex-align:end;align-items:flex-end}}@media (max-width:767px){.elementor-widget-image-box .elementor-image-box-img{margin-left:auto!important;margin-right:auto!important;margin-bottom:15px}}.elementor-widget-image-box .elementor-image-box-img{display:inline-block}.elementor-widget-image-box .elementor-image-box-title a{color:inherit}.elementor-widget-image-box .elementor-image-box-wrapper{text-align:center}.elementor-widget-image-box .elementor-image-box-description{margin:0}<\/style><div class=\"elementor-image-box-wrapper\"><figure class=\"elementor-image-box-img\"><img decoding=\"async\" src=\"https:\/\/slprocess.com.br\/wp-content\/uploads\/elementor\/thumbs\/Group-1-5-qh1y0vpu5tnzk04o20fgjwywj3x9hqliobwmd5y6dk.png\" title=\"Grupo 1 (5)\" alt=\"Group 1 (5)\" \/><\/figure><div class=\"elementor-image-box-content\"><h3 class=\"elementor-image-box-title\">Elaboraci\u00f3n y gesti\u00f3n de horarios.<\/h3><\/div><\/div>\t\t<\/div>\n\t\t\t\t<\/div>\n\t\t\t\t<div class=\"elementor-element elementor-element-8f31436 elementor-position-left elementor-vertical-align-top elementor-widget elementor-widget-image-box\" data-id=\"8f31436\" data-element_type=\"widget\" data-widget_type=\"image-box.default\">\n\t\t\t\t<div class=\"elementor-widget-container\">\n\t\t\t<div class=\"elementor-image-box-wrapper\"><figure class=\"elementor-image-box-img\"><img decoding=\"async\" src=\"https:\/\/slprocess.com.br\/wp-content\/uploads\/elementor\/thumbs\/Group-1-5-qh1y0vpu5tnzk04o20fgjwywj3x9hqliobwmd5y6dk.png\" title=\"Grupo 1 (5)\" alt=\"Group 1 (5)\" \/><\/figure><div class=\"elementor-image-box-content\"><h3 class=\"elementor-image-box-title\">Equipo multidisciplinar de inspecci\u00f3n de obras.<\/h3><\/div><\/div>\t\t<\/div>\n\t\t\t\t<\/div>\n\t\t\t\t<div class=\"elementor-element elementor-element-40f971c elementor-position-left elementor-vertical-align-top elementor-widget elementor-widget-image-box\" data-id=\"40f971c\" data-element_type=\"widget\" data-widget_type=\"image-box.default\">\n\t\t\t\t<div class=\"elementor-widget-container\">\n\t\t\t<div class=\"elementor-image-box-wrapper\"><figure class=\"elementor-image-box-img\"><img decoding=\"async\" src=\"https:\/\/slprocess.com.br\/wp-content\/uploads\/elementor\/thumbs\/Group-1-5-qh1y0vpu5tnzk04o20fgjwywj3x9hqliobwmd5y6dk.png\" title=\"Grupo 1 (5)\" alt=\"Group 1 (5)\" \/><\/figure><div class=\"elementor-image-box-content\"><h3 class=\"elementor-image-box-title\">Informes de construcci\u00f3n<\/h3><\/div><\/div>\t\t<\/div>\n\t\t\t\t<\/div>\n\t\t\t\t<div class=\"elementor-element elementor-element-dbc9242 elementor-position-left elementor-vertical-align-top elementor-widget elementor-widget-image-box\" data-id=\"dbc9242\" data-element_type=\"widget\" data-widget_type=\"image-box.default\">\n\t\t\t\t<div class=\"elementor-widget-container\">\n\t\t\t<div class=\"elementor-image-box-wrapper\"><figure class=\"elementor-image-box-img\"><img decoding=\"async\" src=\"https:\/\/slprocess.com.br\/wp-content\/uploads\/elementor\/thumbs\/Group-1-5-qh1y0vpu5tnzk04o20fgjwywj3x9hqliobwmd5y6dk.png\" title=\"Grupo 1 (5)\" alt=\"Group 1 (5)\" \/><\/figure><div class=\"elementor-image-box-content\"><h3 class=\"elementor-image-box-title\">Gesti\u00f3n de documentos<\/h3><\/div><\/div>\t\t<\/div>\n\t\t\t\t<\/div>\n\t\t\t\t<div class=\"elementor-element elementor-element-0bf0010 elementor-position-left elementor-vertical-align-top elementor-widget elementor-widget-image-box\" data-id=\"0bf0010\" data-element_type=\"widget\" data-widget_type=\"image-box.default\">\n\t\t\t\t<div class=\"elementor-widget-container\">\n\t\t\t<div class=\"elementor-image-box-wrapper\"><figure class=\"elementor-image-box-img\"><img decoding=\"async\" src=\"https:\/\/slprocess.com.br\/wp-content\/uploads\/elementor\/thumbs\/Group-1-5-qh1y0vpu5tnzk04o20fgjwywj3x9hqliobwmd5y6dk.png\" title=\"Grupo 1 (5)\" alt=\"Group 1 (5)\" \/><\/figure><div class=\"elementor-image-box-content\"><h3 class=\"elementor-image-box-title\">Gesti\u00f3n de materiales (control de almac\u00e9n)<\/h3><\/div><\/div>\t\t<\/div>\n\t\t\t\t<\/div>\n\t\t\t\t<div class=\"elementor-element elementor-element-51d7dd3 elementor-widget elementor-widget-spacer\" data-id=\"51d7dd3\" data-element_type=\"widget\" data-widget_type=\"spacer.default\">\n\t\t\t\t<div class=\"elementor-widget-container\">\n\t\t\t\t\t<div class=\"elementor-spacer\">\n\t\t\t<div class=\"elementor-spacer-inner\"><\/div>\n\t\t<\/div>\n\t\t\t\t<\/div>\n\t\t\t\t<\/div>\n\t\t\t\t\t<\/div>\n\t\t<\/div>\n\t\t\t\t<div class=\"elementor-column elementor-col-50 elementor-top-column elementor-element elementor-element-26fad46\" data-id=\"26fad46\" data-element_type=\"column\">\n\t\t\t<div class=\"elementor-widget-wrap elementor-element-populated\">\n\t\t\t\t\t\t\t\t<div class=\"elementor-element elementor-element-dcf110b elementor-widget elementor-widget-image\" data-id=\"dcf110b\" data-element_type=\"widget\" data-widget_type=\"image.default\">\n\t\t\t\t<div class=\"elementor-widget-container\">\n\t\t\t<style>\/*! elementor - v3.8.1 - 13-11-2022 *\/\n.elementor-widget-image{text-align:center}.elementor-widget-image a{display:inline-block}.elementor-widget-image a img[src$=\".svg\"]{width:48px}.elementor-widget-image img{vertical-align:middle;display:inline-block}<\/style>\t\t\t\t\t\t\t\t\t\t\t\t<img loading=\"lazy\" decoding=\"async\" width=\"1085\" height=\"1024\" src=\"https:\/\/slprocess.com.br\/wp-content\/uploads\/2023\/12\/Group-19.png\" class=\"attachment-full size-full\" alt=\"\" srcset=\"https:\/\/slprocess.com.br\/wp-content\/uploads\/2023\/12\/Group-19.png 1085w, https:\/\/slprocess.com.br\/wp-content\/uploads\/2023\/12\/Group-19-300x283.png 300w, https:\/\/slprocess.com.br\/wp-content\/uploads\/2023\/12\/Group-19-1024x966.png 1024w, https:\/\/slprocess.com.br\/wp-content\/uploads\/2023\/12\/Group-19-768x725.png 768w, https:\/\/slprocess.com.br\/wp-content\/uploads\/2023\/12\/Group-19-13x12.png 13w, https:\/\/slprocess.com.br\/wp-content\/uploads\/2023\/12\/Group-19-155x146.png 155w, https:\/\/slprocess.com.br\/wp-content\/uploads\/2023\/12\/Group-19-50x47.png 50w, https:\/\/slprocess.com.br\/wp-content\/uploads\/2023\/12\/Group-19-79x75.png 79w\" sizes=\"auto, (max-width: 1085px) 100vw, 1085px\" \/>\t\t\t\t\t\t\t\t\t\t\t\t\t\t\t<\/div>\n\t\t\t\t<\/div>\n\t\t\t\t\t<\/div>\n\t\t<\/div>\n\t\t\t\t\t\t\t<\/div>\n\t\t<\/section>\n\t\t\t\t<section class=\"elementor-section elementor-top-section elementor-element elementor-element-77602933 elementor-section-full_width elementor-section-stretched elementor-section-height-default elementor-section-height-default wpr-particle-no wpr-jarallax-no wpr-parallax-no wpr-sticky-section-no\" data-id=\"77602933\" data-element_type=\"section\" data-settings=\"{&quot;stretch_section&quot;:&quot;section-stretched&quot;}\">\n\t\t\t\t\t\t<div class=\"elementor-container elementor-column-gap-no\">\n\t\t\t\t\t<div class=\"elementor-column elementor-col-100 elementor-top-column elementor-element elementor-element-7f386cdd\" data-id=\"7f386cdd\" data-element_type=\"column\">\n\t\t\t<div class=\"elementor-widget-wrap elementor-element-populated\">\n\t\t\t\t\t\t\t\t<div class=\"elementor-element elementor-element-7a2e32cc elementor-widget elementor-widget-image\" data-id=\"7a2e32cc\" data-element_type=\"widget\" data-widget_type=\"image.default\">\n\t\t\t\t<div class=\"elementor-widget-container\">\n\t\t\t\t\t\t\t\t\t\t\t\t\t\t\t<img loading=\"lazy\" decoding=\"async\" width=\"1440\" height=\"73\" src=\"https:\/\/slprocess.com.br\/wp-content\/uploads\/2023\/12\/Rectangle-1-5.jpg\" class=\"attachment-full size-full\" alt=\"\" srcset=\"https:\/\/slprocess.com.br\/wp-content\/uploads\/2023\/12\/Rectangle-1-5.jpg 1440w, https:\/\/slprocess.com.br\/wp-content\/uploads\/2023\/12\/Rectangle-1-5-300x15.jpg 300w, https:\/\/slprocess.com.br\/wp-content\/uploads\/2023\/12\/Rectangle-1-5-1024x52.jpg 1024w, https:\/\/slprocess.com.br\/wp-content\/uploads\/2023\/12\/Rectangle-1-5-768x39.jpg 768w, https:\/\/slprocess.com.br\/wp-content\/uploads\/2023\/12\/Rectangle-1-5-18x1.jpg 18w, https:\/\/slprocess.com.br\/wp-content\/uploads\/2023\/12\/Rectangle-1-5-260x13.jpg 260w, https:\/\/slprocess.com.br\/wp-content\/uploads\/2023\/12\/Rectangle-1-5-50x3.jpg 50w, https:\/\/slprocess.com.br\/wp-content\/uploads\/2023\/12\/Rectangle-1-5-150x8.jpg 150w\" sizes=\"auto, (max-width: 1440px) 100vw, 1440px\" \/>\t\t\t\t\t\t\t\t\t\t\t\t\t\t\t<\/div>\n\t\t\t\t<\/div>\n\t\t\t\t\t<\/div>\n\t\t<\/div>\n\t\t\t\t\t\t\t<\/div>\n\t\t<\/section>\n\t\t\t\t<section class=\"elementor-section elementor-top-section elementor-element elementor-element-1c95d022 elementor-section-full_width elementor-section-stretched elementor-section-height-default elementor-section-height-default wpr-particle-no wpr-jarallax-no wpr-parallax-no wpr-sticky-section-no\" data-id=\"1c95d022\" data-element_type=\"section\" data-settings=\"{&quot;stretch_section&quot;:&quot;section-stretched&quot;}\">\n\t\t\t\t\t\t<div class=\"elementor-container elementor-column-gap-no\">\n\t\t\t\t\t<div class=\"elementor-column elementor-col-50 elementor-top-column elementor-element elementor-element-1b505997\" data-id=\"1b505997\" data-element_type=\"column\">\n\t\t\t<div class=\"elementor-widget-wrap elementor-element-populated\">\n\t\t\t\t\t\t\t\t<div class=\"elementor-element elementor-element-479ad281 elementor-widget elementor-widget-image\" data-id=\"479ad281\" data-element_type=\"widget\" data-widget_type=\"image.default\">\n\t\t\t\t<div class=\"elementor-widget-container\">\n\t\t\t\t\t\t\t\t\t\t\t\t\t\t\t<img loading=\"lazy\" decoding=\"async\" width=\"615\" height=\"755\" src=\"https:\/\/slprocess.com.br\/wp-content\/uploads\/2023\/12\/Group-20.png\" class=\"attachment-full size-full\" alt=\"\" srcset=\"https:\/\/slprocess.com.br\/wp-content\/uploads\/2023\/12\/Group-20.png 615w, https:\/\/slprocess.com.br\/wp-content\/uploads\/2023\/12\/Group-20-244x300.png 244w, https:\/\/slprocess.com.br\/wp-content\/uploads\/2023\/12\/Group-20-10x12.png 10w, https:\/\/slprocess.com.br\/wp-content\/uploads\/2023\/12\/Group-20-119x146.png 119w, https:\/\/slprocess.com.br\/wp-content\/uploads\/2023\/12\/Group-20-41x50.png 41w, https:\/\/slprocess.com.br\/wp-content\/uploads\/2023\/12\/Group-20-61x75.png 61w\" sizes=\"auto, (max-width: 615px) 100vw, 615px\" \/>\t\t\t\t\t\t\t\t\t\t\t\t\t\t\t<\/div>\n\t\t\t\t<\/div>\n\t\t\t\t\t<\/div>\n\t\t<\/div>\n\t\t\t\t<div class=\"elementor-column elementor-col-50 elementor-top-column elementor-element elementor-element-13c888f2\" data-id=\"13c888f2\" data-element_type=\"column\">\n\t\t\t<div class=\"elementor-widget-wrap elementor-element-populated\">\n\t\t\t\t\t\t\t\t<div class=\"elementor-element elementor-element-5dc64253 elementor-widget elementor-widget-text-editor\" data-id=\"5dc64253\" data-element_type=\"widget\" data-widget_type=\"text-editor.default\">\n\t\t\t\t<div class=\"elementor-widget-container\">\n\t\t\t<style>\/*! elementor - v3.8.1 - 13-11-2022 *\/\n.elementor-widget-text-editor.elementor-drop-cap-view-stacked .elementor-drop-cap{background-color:#818a91;color:#fff}.elementor-widget-text-editor.elementor-drop-cap-view-framed .elementor-drop-cap{color:#818a91;border:3px solid;background-color:transparent}.elementor-widget-text-editor:not(.elementor-drop-cap-view-default) .elementor-drop-cap{margin-top:8px}.elementor-widget-text-editor:not(.elementor-drop-cap-view-default) .elementor-drop-cap-letter{width:1em;height:1em}.elementor-widget-text-editor .elementor-drop-cap{float:left;text-align:center;line-height:1;font-size:50px}.elementor-widget-text-editor .elementor-drop-cap-letter{display:inline-block}<\/style>\t\t\t\t<p>SL Process opera en el campo de <strong>gesti\u00f3n de la construcci\u00f3n<\/strong> con el objetivo de asegurar que los proyectos se ejecuten correctamente, garantizando al cliente que la ejecuci\u00f3n del proyecto est\u00e1 acorde a los est\u00e1ndares de ingenier\u00eda establecidos.<\/p>\t\t\t\t\t\t<\/div>\n\t\t\t\t<\/div>\n\t\t\t\t<div class=\"elementor-element elementor-element-29f6603 elementor-widget elementor-widget-text-editor\" data-id=\"29f6603\" data-element_type=\"widget\" data-widget_type=\"text-editor.default\">\n\t\t\t\t<div class=\"elementor-widget-container\">\n\t\t\t\t\t\t\t<p>Esta gesti\u00f3n incluye la elaboraci\u00f3n y seguimiento de un cronograma, con el objetivo de evitar retrasos en la obra. Adem\u00e1s, el equipo emite informes semanales que describen el progreso del proyecto, brindando una visi\u00f3n clara de su progreso.<\/p>\t\t\t\t\t\t<\/div>\n\t\t\t\t<\/div>\n\t\t\t\t\t<\/div>\n\t\t<\/div>\n\t\t\t\t\t\t\t<\/div>\n\t\t<\/section>\n\t\t\t\t<section class=\"elementor-section elementor-top-section elementor-element elementor-element-93333ea elementor-section-full_width elementor-section-height-default elementor-section-height-default wpr-particle-no wpr-jarallax-no wpr-parallax-no wpr-sticky-section-no\" data-id=\"93333ea\" data-element_type=\"section\" data-settings=\"{&quot;background_background&quot;:&quot;classic&quot;}\">\n\t\t\t\t\t\t<div class=\"elementor-container elementor-column-gap-default\">\n\t\t\t\t\t<div class=\"elementor-column elementor-col-100 elementor-top-column elementor-element elementor-element-653cf1e\" data-id=\"653cf1e\" data-element_type=\"column\">\n\t\t\t<div class=\"elementor-widget-wrap elementor-element-populated\">\n\t\t\t\t\t\t\t\t<div class=\"elementor-element elementor-element-bd723e9 elementor-widget elementor-widget-text-editor\" data-id=\"bd723e9\" data-element_type=\"widget\" data-widget_type=\"text-editor.default\">\n\t\t\t\t<div class=\"elementor-widget-container\">\n\t\t\t\t\t\t\t<p>Para garantizar una ejecuci\u00f3n precisa, SL Process tiene un <strong>equipo multidisciplinario de inspecci\u00f3n de construcci\u00f3n<\/strong> que est\u00e9 f\u00edsicamente presente en el sitio de construcci\u00f3n. Este equipo puede incluir un administrador de documentos, responsable de garantizar que solo se utilice la versi\u00f3n m\u00e1s actualizada de los documentos, as\u00ed como un administrador de materiales que verifica la recepci\u00f3n y el cumplimiento de todos los materiales comprados. Esto se hace para evitar discrepancias o problemas en la entrega de materiales.<\/p><p>De esta manera, SL Process se dedica a <strong>supervisar y gestionar la ejecuci\u00f3n de proyectos de construcci\u00f3n<\/strong> de forma integral y profesional, garantizando que todo transcurra seg\u00fan las especificaciones y plazos establecidos, aportando tranquilidad al cliente.<\/p>\t\t\t\t\t\t<\/div>\n\t\t\t\t<\/div>\n\t\t\t\t\t<\/div>\n\t\t<\/div>\n\t\t\t\t\t\t\t<\/div>\n\t\t<\/section>\n\t\t\t\t<section class=\"elementor-section elementor-top-section elementor-element elementor-element-fb21df2 elementor-section-full_width elementor-section-stretched elementor-section-height-default elementor-section-height-default wpr-particle-no wpr-jarallax-no wpr-parallax-no wpr-sticky-section-no\" data-id=\"fb21df2\" data-element_type=\"section\" data-settings=\"{&quot;stretch_section&quot;:&quot;section-stretched&quot;}\">\n\t\t\t\t\t\t<div class=\"elementor-container elementor-column-gap-no\">\n\t\t\t\t\t<div class=\"elementor-column elementor-col-50 elementor-top-column elementor-element elementor-element-f271c7b\" data-id=\"f271c7b\" data-element_type=\"column\">\n\t\t\t<div class=\"elementor-widget-wrap elementor-element-populated\">\n\t\t\t\t\t\t\t\t<div class=\"elementor-element elementor-element-2381bc5 elementor-widget elementor-widget-image\" data-id=\"2381bc5\" data-element_type=\"widget\" data-widget_type=\"image.default\">\n\t\t\t\t<div class=\"elementor-widget-container\">\n\t\t\t\t\t\t\t\t\t\t\t\t\t\t\t<img loading=\"lazy\" decoding=\"async\" width=\"982\" height=\"1024\" src=\"https:\/\/slprocess.com.br\/wp-content\/uploads\/2023\/12\/5879-1.png\" class=\"attachment-full size-full\" alt=\"\" srcset=\"https:\/\/slprocess.com.br\/wp-content\/uploads\/2023\/12\/5879-1.png 982w, https:\/\/slprocess.com.br\/wp-content\/uploads\/2023\/12\/5879-1-288x300.png 288w, https:\/\/slprocess.com.br\/wp-content\/uploads\/2023\/12\/5879-1-768x801.png 768w, https:\/\/slprocess.com.br\/wp-content\/uploads\/2023\/12\/5879-1-12x12.png 12w, https:\/\/slprocess.com.br\/wp-content\/uploads\/2023\/12\/5879-1-140x146.png 140w, https:\/\/slprocess.com.br\/wp-content\/uploads\/2023\/12\/5879-1-48x50.png 48w, https:\/\/slprocess.com.br\/wp-content\/uploads\/2023\/12\/5879-1-72x75.png 72w\" sizes=\"auto, (max-width: 982px) 100vw, 982px\" \/>\t\t\t\t\t\t\t\t\t\t\t\t\t\t\t<\/div>\n\t\t\t\t<\/div>\n\t\t\t\t\t<\/div>\n\t\t<\/div>\n\t\t\t\t<div class=\"elementor-column elementor-col-50 elementor-top-column elementor-element elementor-element-ddc89c1\" data-id=\"ddc89c1\" data-element_type=\"column\">\n\t\t\t<div class=\"elementor-widget-wrap elementor-element-populated\">\n\t\t\t\t\t\t\t\t<div class=\"elementor-element elementor-element-fcd5b40 elementor-widget elementor-widget-image\" data-id=\"fcd5b40\" data-element_type=\"widget\" data-widget_type=\"image.default\">\n\t\t\t\t<div class=\"elementor-widget-container\">\n\t\t\t\t\t\t\t\t\t\t\t\t\t\t\t<img loading=\"lazy\" decoding=\"async\" width=\"835\" height=\"419\" src=\"https:\/\/slprocess.com.br\/wp-content\/uploads\/2023\/12\/Group-11-2.png\" class=\"attachment-full size-full\" alt=\"\" srcset=\"https:\/\/slprocess.com.br\/wp-content\/uploads\/2023\/12\/Group-11-2.png 835w, https:\/\/slprocess.com.br\/wp-content\/uploads\/2023\/12\/Group-11-2-300x151.png 300w, https:\/\/slprocess.com.br\/wp-content\/uploads\/2023\/12\/Group-11-2-768x385.png 768w, https:\/\/slprocess.com.br\/wp-content\/uploads\/2023\/12\/Group-11-2-18x9.png 18w, https:\/\/slprocess.com.br\/wp-content\/uploads\/2023\/12\/Group-11-2-260x130.png 260w, https:\/\/slprocess.com.br\/wp-content\/uploads\/2023\/12\/Group-11-2-50x25.png 50w, https:\/\/slprocess.com.br\/wp-content\/uploads\/2023\/12\/Group-11-2-150x75.png 150w\" sizes=\"auto, (max-width: 835px) 100vw, 835px\" \/>\t\t\t\t\t\t\t\t\t\t\t\t\t\t\t<\/div>\n\t\t\t\t<\/div>\n\t\t\t\t\t<\/div>\n\t\t<\/div>\n\t\t\t\t\t\t\t<\/div>\n\t\t<\/section>\n\t\t\t\t\t\t\t<\/div>","protected":false},"excerpt":{"rendered":"<p>Gesti\u00f3n Elaboraci\u00f3n y gesti\u00f3n de cronograma Equipo multidisciplinar para inspecci\u00f3n de obra Informes de obra Gesti\u00f3n documental Gesti\u00f3n de materiales (control de almac\u00e9n) SL<span class=\"excerpt-hellip\"> [\u2026]<\/span><\/p>","protected":false},"author":1,"featured_media":0,"parent":0,"menu_order":0,"comment_status":"closed","ping_status":"closed","template":"","meta":{"_joinchat":[],"footnotes":""},"class_list":["post-1525","page","type-page","status-publish","hentry"],"_links":{"self":[{"href":"https:\/\/slprocess.com.br\/es\/wp-json\/wp\/v2\/pages\/1525","targetHints":{"allow":["GET"]}}],"collection":[{"href":"https:\/\/slprocess.com.br\/es\/wp-json\/wp\/v2\/pages"}],"about":[{"href":"https:\/\/slprocess.com.br\/es\/wp-json\/wp\/v2\/types\/page"}],"author":[{"embeddable":true,"href":"https:\/\/slprocess.com.br\/es\/wp-json\/wp\/v2\/users\/1"}],"replies":[{"embeddable":true,"href":"https:\/\/slprocess.com.br\/es\/wp-json\/wp\/v2\/comments?post=1525"}],"version-history":[{"count":40,"href":"https:\/\/slprocess.com.br\/es\/wp-json\/wp\/v2\/pages\/1525\/revisions"}],"predecessor-version":[{"id":2365,"href":"https:\/\/slprocess.com.br\/es\/wp-json\/wp\/v2\/pages\/1525\/revisions\/2365"}],"wp:attachment":[{"href":"https:\/\/slprocess.com.br\/es\/wp-json\/wp\/v2\/media?parent=1525"}],"curies":[{"name":"wp","href":"https:\/\/api.w.org\/{rel}","templated":true}]}}