{"id":2740,"date":"2024-10-22T12:58:03","date_gmt":"2024-10-22T15:58:03","guid":{"rendered":"https:\/\/slprocess.com.br\/?page_id=2740"},"modified":"2024-10-22T12:59:48","modified_gmt":"2024-10-22T15:59:48","slug":"quem-somos","status":"publish","type":"page","link":"https:\/\/slprocess.com.br\/es\/quem-somos\/","title":{"rendered":"Quienes somos 2"},"content":{"rendered":"<div data-elementor-type=\"wp-page\" data-elementor-id=\"2740\" class=\"elementor elementor-2740\">\n\t\t\t\t\t\t\t\t\t<section class=\"elementor-section elementor-top-section elementor-element elementor-element-4a84b5a7 elementor-section-full_width elementor-section-stretched elementor-section-height-default elementor-section-height-default wpr-particle-no wpr-jarallax-no wpr-parallax-no wpr-sticky-section-no\" data-id=\"4a84b5a7\" data-element_type=\"section\" data-settings=\"{&quot;stretch_section&quot;:&quot;section-stretched&quot;}\">\n\t\t\t\t\t\t<div class=\"elementor-container elementor-column-gap-no\">\n\t\t\t\t\t<div class=\"elementor-column elementor-col-100 elementor-top-column elementor-element elementor-element-d0841c0\" data-id=\"d0841c0\" data-element_type=\"column\">\n\t\t\t<div class=\"elementor-widget-wrap elementor-element-populated\">\n\t\t\t\t\t\t\t\t<div class=\"elementor-element elementor-element-7283d61d elementor-widget elementor-widget-slider_revolution\" data-id=\"7283d61d\" data-element_type=\"widget\" data-widget_type=\"slider_revolution.default\">\n\t\t\t\t<div class=\"elementor-widget-container\">\n\t\t\t\n\t\t<div class=\"wp-block-themepunch-revslider\">\n\t\t\t<!-- START Quem Somos REVOLUTION SLIDER 6.5.8 --><p class=\"rs-p-wp-fix\"><\/p>\n\t\t\t<rs-module-wrap id=\"rev_slider_2_1_wrapper\" data-source=\"gallery\" style=\"visibility:hidden;background:transparent;padding:0;margin:0px auto;margin-top:0;margin-bottom:0;\">\n\t\t\t\t<rs-module id=\"rev_slider_2_1\" style=\"\" data-version=\"6.5.8\">\n\t\t\t\t\t<rs-slides>\n\t\t\t\t\t\t<rs-slide style=\"position: absolute;\" data-key=\"rs-2\" data-title=\"Slide\" data-anim=\"ms:50;\" data-in=\"o:0;\" data-out=\"a:false;\">\n\t\t\t\t\t\t\t<img loading=\"lazy\" decoding=\"async\" src=\"\/\/slprocess.com.br\/wp-content\/plugins\/revslider\/public\/assets\/assets\/dummy.png\" title=\"banner-quienes-somos\" width=\"1920\" height=\"856\" class=\"rev-slidebg tp-rs-img rs-lazyload\" data-lazyload=\"\/\/slprocess.com.br\/wp-content\/uploads\/2022\/01\/banner-quem-somos.jpg\" data-no-retina>\n<!---->\t\t\t\t\t\t<\/rs-slide>\n\t\t\t\t\t<\/rs-slides>\n\t\t\t\t<\/rs-module>\n\t\t\t\t<script type=\"text\/javascript\">\n\t\t\t\t\tsetREVStartSize({c: 'rev_slider_2_1',rl:[1240,1240,1240,480],el:[700,700,700,720],gw:[1920,1920,1920,1920],gh:[700,700,700,700],type:'standard',justify:'',layout:'fullwidth',mh:\"0\"});if (window.RS_MODULES!==undefined && window.RS_MODULES.modules!==undefined && window.RS_MODULES.modules[\"revslider21\"]!==undefined) {window.RS_MODULES.modules[\"revslider21\"].once = false;window.revapi2 = undefined;if (window.RS_MODULES.checkMinimal!==undefined) window.RS_MODULES.checkMinimal()}\n\t\t\t\t<\/script>\n\t\t\t<\/rs-module-wrap>\n\t\t\t<!-- END REVOLUTION SLIDER -->\n<\/div>\n\n\t\t\t\t<\/div>\n\t\t\t\t<\/div>\n\t\t\t\t\t<\/div>\n\t\t<\/div>\n\t\t\t\t\t\t\t<\/div>\n\t\t<\/section>\n\t\t\t\t<section class=\"elementor-section elementor-top-section elementor-element elementor-element-d31d7c1 elementor-section-stretched elementor-section-full_width elementor-section-height-default elementor-section-height-default wpr-particle-no wpr-jarallax-no wpr-parallax-no wpr-sticky-section-no\" data-id=\"d31d7c1\" data-element_type=\"section\" data-settings=\"{&quot;stretch_section&quot;:&quot;section-stretched&quot;,&quot;background_background&quot;:&quot;classic&quot;}\">\n\t\t\t\t\t\t<div class=\"elementor-container elementor-column-gap-no\">\n\t\t\t\t\t<div class=\"elementor-column elementor-col-100 elementor-top-column elementor-element elementor-element-73b335a\" data-id=\"73b335a\" data-element_type=\"column\" data-settings=\"{&quot;background_background&quot;:&quot;classic&quot;}\">\n\t\t\t<div class=\"elementor-widget-wrap elementor-element-populated\">\n\t\t\t\t\t\t\t\t<div class=\"elementor-element elementor-element-cb4a06d elementor-widget elementor-widget-spacer\" data-id=\"cb4a06d\" data-element_type=\"widget\" data-widget_type=\"spacer.default\">\n\t\t\t\t<div class=\"elementor-widget-container\">\n\t\t\t<style>\/*! elementor - v3.8.1 - 13-11-2022 *\/\n.elementor-column .elementor-spacer-inner{height:var(--spacer-size)}.e-con{--container-widget-width:100%}.e-con-inner>.elementor-widget-spacer,.e-con>.elementor-widget-spacer{width:var(--container-widget-width,var(--spacer-size));-ms-flex-item-align:stretch;align-self:stretch;-ms-flex-negative:0;flex-shrink:0}.e-con-inner>.elementor-widget-spacer>.elementor-widget-container,.e-con-inner>.elementor-widget-spacer>.elementor-widget-container>.elementor-spacer,.e-con>.elementor-widget-spacer>.elementor-widget-container,.e-con>.elementor-widget-spacer>.elementor-widget-container>.elementor-spacer{height:100%}.e-con-inner>.elementor-widget-spacer>.elementor-widget-container>.elementor-spacer>.elementor-spacer-inner,.e-con>.elementor-widget-spacer>.elementor-widget-container>.elementor-spacer>.elementor-spacer-inner{height:var(--container-widget-height,var(--spacer-size))}<\/style>\t\t<div class=\"elementor-spacer\">\n\t\t\t<div class=\"elementor-spacer-inner\"><\/div>\n\t\t<\/div>\n\t\t\t\t<\/div>\n\t\t\t\t<\/div>\n\t\t\t\t<div class=\"elementor-element elementor-element-cc6f5ae elementor-widget__width-initial elementor-widget elementor-widget-heading\" data-id=\"cc6f5ae\" data-element_type=\"widget\" data-widget_type=\"heading.default\">\n\t\t\t\t<div class=\"elementor-widget-container\">\n\t\t\t<style>\/*! elementor - v3.8.1 - 13-11-2022 *\/\n.elementor-heading-title{padding:0;margin:0;line-height:1}.elementor-widget-heading .elementor-heading-title[class*=elementor-size-]>a{color:inherit;font-size:inherit;line-height:inherit}.elementor-widget-heading .elementor-heading-title.elementor-size-small{font-size:15px}.elementor-widget-heading .elementor-heading-title.elementor-size-medium{font-size:19px}.elementor-widget-heading .elementor-heading-title.elementor-size-large{font-size:29px}.elementor-widget-heading .elementor-heading-title.elementor-size-xl{font-size:39px}.elementor-widget-heading .elementor-heading-title.elementor-size-xxl{font-size:59px}<\/style><h2 class=\"elementor-heading-title elementor-size-default\">Quienes somos<\/h2>\t\t<\/div>\n\t\t\t\t<\/div>\n\t\t\t\t<div class=\"elementor-element elementor-element-5530ba0 elementor-widget elementor-widget-spacer\" data-id=\"5530ba0\" data-element_type=\"widget\" data-widget_type=\"spacer.default\">\n\t\t\t\t<div class=\"elementor-widget-container\">\n\t\t\t\t\t<div class=\"elementor-spacer\">\n\t\t\t<div class=\"elementor-spacer-inner\"><\/div>\n\t\t<\/div>\n\t\t\t\t<\/div>\n\t\t\t\t<\/div>\n\t\t\t\t<div class=\"elementor-element elementor-element-4b96f8f elementor-widget elementor-widget-text-editor\" data-id=\"4b96f8f\" data-element_type=\"widget\" data-widget_type=\"text-editor.default\">\n\t\t\t\t<div class=\"elementor-widget-container\">\n\t\t\t<style>\/*! elementor - v3.8.1 - 13-11-2022 *\/\n.elementor-widget-text-editor.elementor-drop-cap-view-stacked .elementor-drop-cap{background-color:#818a91;color:#fff}.elementor-widget-text-editor.elementor-drop-cap-view-framed .elementor-drop-cap{color:#818a91;border:3px solid;background-color:transparent}.elementor-widget-text-editor:not(.elementor-drop-cap-view-default) .elementor-drop-cap{margin-top:8px}.elementor-widget-text-editor:not(.elementor-drop-cap-view-default) .elementor-drop-cap-letter{width:1em;height:1em}.elementor-widget-text-editor .elementor-drop-cap{float:left;text-align:center;line-height:1;font-size:50px}.elementor-widget-text-editor .elementor-drop-cap-letter{display:inline-block}<\/style>\t\t\t\t<p>Su socio de confianza para proyectos<br \/>de todos los tama\u00f1os y necesidades,<br \/>desde <strong>Desde la concepci\u00f3n hasta la ejecuci\u00f3n<\/strong>.<\/p><p>Transformamos ideas en logros,<br \/>creando un futuro de progreso y<br \/>prosperidad para nuestros clientes y sus<br \/>comunidades.<\/p><p>SL Process fue fundada en 2003 por sus<br \/>El actual director, Sidney Leal. La empresa naci\u00f3<br \/>nodo <strong>segmento agroindustrial<\/strong>, donde se convirti\u00f3 <br \/>referencia nacional.<\/p><p>SL Process opera actualmente brindando<br \/>Ingenier\u00eda industrial para diversos<br \/>segmentos de negocio.<\/p><p>Nuestra vasta <strong>experiencia y conocimientos t\u00e9cnicos<\/strong> Perm\u00edtanos llevar a cabo<br \/>An\u00e1lisis industriales con extrema precisi\u00f3n y rigor t\u00e9cnico, evaluando <br \/>Analizar exhaustivamente todos los factores cr\u00edticos del proyecto que puedan<br \/>afectar el rendimiento, el plazo y el coste del proyecto.<\/p><p>Adem\u00e1s, valoramos la relaci\u00f3n directa entre nuestros directores<br \/>y clientes, que se extiende m\u00e1s all\u00e1 del proyecto actual, <br \/>convirti\u00e9ndose en un <strong>asociaci\u00f3n basada en la confianza<\/strong><br \/><strong>y amistad<\/strong>, dispuesto a colaborar en proyectos futuros.<\/p>\t\t\t\t\t\t<\/div>\n\t\t\t\t<\/div>\n\t\t\t\t\t<\/div>\n\t\t<\/div>\n\t\t\t\t\t\t\t<\/div>\n\t\t<\/section>\n\t\t\t\t<section class=\"elementor-section elementor-top-section elementor-element elementor-element-76d7b11 elementor-section-stretched elementor-section-full_width elementor-section-height-default elementor-section-height-default wpr-particle-no wpr-jarallax-no wpr-parallax-no wpr-sticky-section-no\" data-id=\"76d7b11\" data-element_type=\"section\" data-settings=\"{&quot;stretch_section&quot;:&quot;section-stretched&quot;,&quot;background_background&quot;:&quot;classic&quot;}\">\n\t\t\t\t\t\t<div class=\"elementor-container elementor-column-gap-no\">\n\t\t\t\t\t<div class=\"elementor-column elementor-col-100 elementor-top-column elementor-element elementor-element-31b6897\" data-id=\"31b6897\" data-element_type=\"column\" data-settings=\"{&quot;background_background&quot;:&quot;classic&quot;}\">\n\t\t\t<div class=\"elementor-widget-wrap elementor-element-populated\">\n\t\t\t\t\t\t\t\t<div class=\"elementor-element elementor-element-571ba82 elementor-widget elementor-widget-spacer\" data-id=\"571ba82\" data-element_type=\"widget\" data-widget_type=\"spacer.default\">\n\t\t\t\t<div class=\"elementor-widget-container\">\n\t\t\t\t\t<div class=\"elementor-spacer\">\n\t\t\t<div class=\"elementor-spacer-inner\"><\/div>\n\t\t<\/div>\n\t\t\t\t<\/div>\n\t\t\t\t<\/div>\n\t\t\t\t<div class=\"elementor-element elementor-element-3c3936b elementor-widget__width-initial elementor-widget elementor-widget-heading\" data-id=\"3c3936b\" data-element_type=\"widget\" data-widget_type=\"heading.default\">\n\t\t\t\t<div class=\"elementor-widget-container\">\n\t\t\t<h2 class=\"elementor-heading-title elementor-size-default\">D\u00f3nde operamos<\/h2>\t\t<\/div>\n\t\t\t\t<\/div>\n\t\t\t\t<div class=\"elementor-element elementor-element-58d6d86 elementor-widget elementor-widget-spacer\" data-id=\"58d6d86\" data-element_type=\"widget\" data-widget_type=\"spacer.default\">\n\t\t\t\t<div class=\"elementor-widget-container\">\n\t\t\t\t\t<div class=\"elementor-spacer\">\n\t\t\t<div class=\"elementor-spacer-inner\"><\/div>\n\t\t<\/div>\n\t\t\t\t<\/div>\n\t\t\t\t<\/div>\n\t\t\t\t\t<\/div>\n\t\t<\/div>\n\t\t\t\t\t\t\t<\/div>\n\t\t<\/section>\n\t\t\t\t<section class=\"elementor-section elementor-top-section elementor-element elementor-element-f72818a elementor-section-full_width elementor-section-stretched elementor-section-height-default elementor-section-height-default wpr-particle-no wpr-jarallax-no wpr-parallax-no wpr-sticky-section-no\" data-id=\"f72818a\" data-element_type=\"section\" data-settings=\"{&quot;stretch_section&quot;:&quot;section-stretched&quot;,&quot;background_background&quot;:&quot;classic&quot;}\">\n\t\t\t\t\t\t<div class=\"elementor-container elementor-column-gap-default\">\n\t\t\t\t\t<div class=\"elementor-column elementor-col-50 elementor-top-column elementor-element elementor-element-e2e1f7c\" data-id=\"e2e1f7c\" data-element_type=\"column\">\n\t\t\t<div class=\"elementor-widget-wrap elementor-element-populated\">\n\t\t\t\t\t\t\t\t<div class=\"elementor-element elementor-element-9f0a7a6 elementor-widget elementor-widget-image\" data-id=\"9f0a7a6\" data-element_type=\"widget\" data-widget_type=\"image.default\">\n\t\t\t\t<div class=\"elementor-widget-container\">\n\t\t\t<style>\/*! elementor - v3.8.1 - 13-11-2022 *\/\n.elementor-widget-image{text-align:center}.elementor-widget-image a{display:inline-block}.elementor-widget-image a img[src$=\".svg\"]{width:48px}.elementor-widget-image img{vertical-align:middle;display:inline-block}<\/style>\t\t\t\t\t\t\t\t\t\t\t\t<img loading=\"lazy\" decoding=\"async\" width=\"777\" height=\"999\" src=\"https:\/\/slprocess.com.br\/wp-content\/uploads\/2023\/12\/Group-24.png\" class=\"attachment-full size-full\" alt=\"\" srcset=\"https:\/\/slprocess.com.br\/wp-content\/uploads\/2023\/12\/Group-24.png 777w, https:\/\/slprocess.com.br\/wp-content\/uploads\/2023\/12\/Group-24-233x300.png 233w, https:\/\/slprocess.com.br\/wp-content\/uploads\/2023\/12\/Group-24-768x987.png 768w, https:\/\/slprocess.com.br\/wp-content\/uploads\/2023\/12\/Group-24-9x12.png 9w, https:\/\/slprocess.com.br\/wp-content\/uploads\/2023\/12\/Group-24-114x146.png 114w, https:\/\/slprocess.com.br\/wp-content\/uploads\/2023\/12\/Group-24-39x50.png 39w, https:\/\/slprocess.com.br\/wp-content\/uploads\/2023\/12\/Group-24-58x75.png 58w\" sizes=\"auto, (max-width: 777px) 100vw, 777px\" \/>\t\t\t\t\t\t\t\t\t\t\t\t\t\t\t<\/div>\n\t\t\t\t<\/div>\n\t\t\t\t\t<\/div>\n\t\t<\/div>\n\t\t\t\t<div class=\"elementor-column elementor-col-50 elementor-top-column elementor-element elementor-element-8a3be55\" data-id=\"8a3be55\" data-element_type=\"column\">\n\t\t\t<div class=\"elementor-widget-wrap elementor-element-populated\">\n\t\t\t\t\t\t\t\t<div class=\"elementor-element elementor-element-c9d030d elementor-widget elementor-widget-spacer\" data-id=\"c9d030d\" data-element_type=\"widget\" data-widget_type=\"spacer.default\">\n\t\t\t\t<div class=\"elementor-widget-container\">\n\t\t\t\t\t<div class=\"elementor-spacer\">\n\t\t\t<div class=\"elementor-spacer-inner\"><\/div>\n\t\t<\/div>\n\t\t\t\t<\/div>\n\t\t\t\t<\/div>\n\t\t\t\t<div class=\"elementor-element elementor-element-2293b39 elementor-widget elementor-widget-text-editor\" data-id=\"2293b39\" data-element_type=\"widget\" data-widget_type=\"text-editor.default\">\n\t\t\t\t<div class=\"elementor-widget-container\">\n\t\t\t\t\t\t\t<p>El proceso SL opera en todo el <br \/><strong>territorio nacional<\/strong> y tambi\u00e9n en <br \/><strong>Am\u00e9rica Latina<\/strong>Nuestra sede se encuentra <br \/>Ubicado en Florian\u00f3polis, <br \/>Santa Catarina.<\/p>\t\t\t\t\t\t<\/div>\n\t\t\t\t<\/div>\n\t\t\t\t\t<\/div>\n\t\t<\/div>\n\t\t\t\t\t\t\t<\/div>\n\t\t<\/section>\n\t\t\t\t<section class=\"elementor-section elementor-top-section elementor-element elementor-element-15c4dd5 elementor-section-full_width elementor-section-stretched elementor-section-height-default elementor-section-height-default wpr-particle-no wpr-jarallax-no wpr-parallax-no wpr-sticky-section-no\" data-id=\"15c4dd5\" data-element_type=\"section\" data-settings=\"{&quot;stretch_section&quot;:&quot;section-stretched&quot;,&quot;background_background&quot;:&quot;classic&quot;}\">\n\t\t\t\t\t\t<div class=\"elementor-container elementor-column-gap-default\">\n\t\t\t\t\t<div class=\"elementor-column elementor-col-100 elementor-top-column elementor-element elementor-element-f7ea957\" data-id=\"f7ea957\" data-element_type=\"column\">\n\t\t\t<div class=\"elementor-widget-wrap elementor-element-populated\">\n\t\t\t\t\t\t\t\t<div class=\"elementor-element elementor-element-049e279 elementor-widget elementor-widget-image\" data-id=\"049e279\" data-element_type=\"widget\" data-widget_type=\"image.default\">\n\t\t\t\t<div class=\"elementor-widget-container\">\n\t\t\t\t\t\t\t\t\t\t\t\t\t\t\t<img loading=\"lazy\" decoding=\"async\" width=\"1024\" height=\"1024\" src=\"https:\/\/slprocess.com.br\/wp-content\/uploads\/2024\/09\/16cf22c5cd8c96f0ae8b03db488a0399-1024x1024.png\" class=\"attachment-large size-large\" alt=\"\" srcset=\"https:\/\/slprocess.com.br\/wp-content\/uploads\/2024\/09\/16cf22c5cd8c96f0ae8b03db488a0399-1024x1024.png 1024w, https:\/\/slprocess.com.br\/wp-content\/uploads\/2024\/09\/16cf22c5cd8c96f0ae8b03db488a0399-300x300.png 300w, https:\/\/slprocess.com.br\/wp-content\/uploads\/2024\/09\/16cf22c5cd8c96f0ae8b03db488a0399-150x150.png 150w, https:\/\/slprocess.com.br\/wp-content\/uploads\/2024\/09\/16cf22c5cd8c96f0ae8b03db488a0399-768x768.png 768w, https:\/\/slprocess.com.br\/wp-content\/uploads\/2024\/09\/16cf22c5cd8c96f0ae8b03db488a0399-1536x1536.png 1536w, https:\/\/slprocess.com.br\/wp-content\/uploads\/2024\/09\/16cf22c5cd8c96f0ae8b03db488a0399-12x12.png 12w, https:\/\/slprocess.com.br\/wp-content\/uploads\/2024\/09\/16cf22c5cd8c96f0ae8b03db488a0399-146x146.png 146w, https:\/\/slprocess.com.br\/wp-content\/uploads\/2024\/09\/16cf22c5cd8c96f0ae8b03db488a0399-50x50.png 50w, https:\/\/slprocess.com.br\/wp-content\/uploads\/2024\/09\/16cf22c5cd8c96f0ae8b03db488a0399-75x75.png 75w, https:\/\/slprocess.com.br\/wp-content\/uploads\/2024\/09\/16cf22c5cd8c96f0ae8b03db488a0399-85x85.png 85w, https:\/\/slprocess.com.br\/wp-content\/uploads\/2024\/09\/16cf22c5cd8c96f0ae8b03db488a0399-80x80.png 80w, https:\/\/slprocess.com.br\/wp-content\/uploads\/2024\/09\/16cf22c5cd8c96f0ae8b03db488a0399.png 2025w\" sizes=\"auto, (max-width: 1024px) 100vw, 1024px\" \/>\t\t\t\t\t\t\t\t\t\t\t\t\t\t\t<\/div>\n\t\t\t\t<\/div>\n\t\t\t\t\t<\/div>\n\t\t<\/div>\n\t\t\t\t\t\t\t<\/div>\n\t\t<\/section>\n\t\t\t\t<main class=\"elementor-section elementor-top-section elementor-element elementor-element-60392ae elementor-section-full_width elementor-section-content-space-between elementor-section-stretched elementor-section-height-default elementor-section-height-default wpr-particle-no wpr-jarallax-no wpr-parallax-no wpr-sticky-section-no\" data-id=\"60392ae\" data-element_type=\"section\" data-settings=\"{&quot;stretch_section&quot;:&quot;section-stretched&quot;,&quot;background_background&quot;:&quot;classic&quot;}\">\n\t\t\t\t\t\t<div class=\"elementor-container elementor-column-gap-default\">\n\t\t\t\t\t<div class=\"elementor-column elementor-col-100 elementor-top-column elementor-element elementor-element-a470bf5\" data-id=\"a470bf5\" data-element_type=\"column\">\n\t\t\t<div class=\"elementor-widget-wrap elementor-element-populated\">\n\t\t\t\t\t\t\t\t<div class=\"elementor-element elementor-element-6e26bad elementor-widget elementor-widget-text-editor\" data-id=\"6e26bad\" data-element_type=\"widget\" data-widget_type=\"text-editor.default\">\n\t\t\t\t<div class=\"elementor-widget-container\">\n\t\t\t\t\t\t\t<p>En cada proyecto que asumimos, establecemos una base local<br \/>donde nuestro <strong>El equipo de ejecuci\u00f3n del proyecto trabaja<\/strong>, permitiendo <br \/>Estar cerca de los desaf\u00edos y necesidades espec\u00edficas de cada uno<br \/>proyecto, garantizando as\u00ed un enfoque personalizado y eficaz<\/p>\t\t\t\t\t\t<\/div>\n\t\t\t\t<\/div>\n\t\t\t\t<div class=\"elementor-element elementor-element-e9d8543 elementor-widget elementor-widget-spacer\" data-id=\"e9d8543\" data-element_type=\"widget\" data-widget_type=\"spacer.default\">\n\t\t\t\t<div class=\"elementor-widget-container\">\n\t\t\t\t\t<div class=\"elementor-spacer\">\n\t\t\t<div class=\"elementor-spacer-inner\"><\/div>\n\t\t<\/div>\n\t\t\t\t<\/div>\n\t\t\t\t<\/div>\n\t\t\t\t\t<\/div>\n\t\t<\/div>\n\t\t\t\t\t\t\t<\/div>\n\t\t<\/main>\n\t\t\t\t<section class=\"elementor-section elementor-top-section elementor-element elementor-element-4d01022 elementor-section-full_width elementor-section-stretched elementor-section-height-default elementor-section-height-default wpr-particle-no wpr-jarallax-no wpr-parallax-no wpr-sticky-section-no\" data-id=\"4d01022\" data-element_type=\"section\" data-settings=\"{&quot;stretch_section&quot;:&quot;section-stretched&quot;,&quot;background_background&quot;:&quot;classic&quot;}\">\n\t\t\t\t\t\t<div class=\"elementor-container elementor-column-gap-default\">\n\t\t\t\t\t<div class=\"elementor-column elementor-col-100 elementor-top-column elementor-element elementor-element-7aae95c\" data-id=\"7aae95c\" data-element_type=\"column\">\n\t\t\t<div class=\"elementor-widget-wrap elementor-element-populated\">\n\t\t\t\t\t\t\t\t<div class=\"elementor-element elementor-element-9b98348 elementor-widget elementor-widget-spacer\" data-id=\"9b98348\" data-element_type=\"widget\" data-widget_type=\"spacer.default\">\n\t\t\t\t<div class=\"elementor-widget-container\">\n\t\t\t\t\t<div class=\"elementor-spacer\">\n\t\t\t<div class=\"elementor-spacer-inner\"><\/div>\n\t\t<\/div>\n\t\t\t\t<\/div>\n\t\t\t\t<\/div>\n\t\t\t\t<div class=\"elementor-element elementor-element-d76ff1a elementor-widget elementor-widget-text-editor\" data-id=\"d76ff1a\" data-element_type=\"widget\" data-widget_type=\"text-editor.default\">\n\t\t\t\t<div class=\"elementor-widget-container\">\n\t\t\t\t\t\t\t<p>Con el apoyo de <strong>Tecnolog\u00eda de vanguardia y gesti\u00f3n eficiente<\/strong>,<br \/>Pudimos superar los l\u00edmites geogr\u00e1ficos y brindar<br \/>Nuestros clientes las mejores soluciones de ingenier\u00eda disponibles<br \/>en el mercado.<\/p><p>Nos comprometemos a proporcionar una <strong>servicio de alta calidad<br \/><\/strong> y contribuir a la <strong>\u00e9xito de nuestros clientes<\/strong> en total<br \/>Proyectos que emprendemos.<\/p>\t\t\t\t\t\t<\/div>\n\t\t\t\t<\/div>\n\t\t\t\t<div class=\"elementor-element elementor-element-f8ba73f elementor-widget elementor-widget-spacer\" data-id=\"f8ba73f\" data-element_type=\"widget\" data-widget_type=\"spacer.default\">\n\t\t\t\t<div class=\"elementor-widget-container\">\n\t\t\t\t\t<div class=\"elementor-spacer\">\n\t\t\t<div class=\"elementor-spacer-inner\"><\/div>\n\t\t<\/div>\n\t\t\t\t<\/div>\n\t\t\t\t<\/div>\n\t\t\t\t\t<\/div>\n\t\t<\/div>\n\t\t\t\t\t\t\t<\/div>\n\t\t<\/section>\n\t\t\t\t\t\t\t<\/div>","protected":false},"excerpt":{"rendered":"<p>Qui\u00e9nes somos. Su socio de confianza para proyectos de todos los tama\u00f1os y necesidades, desde la concepci\u00f3n hasta la ejecuci\u00f3n. Transformamos ideas en realidad, creando un futuro de...<span class=\"excerpt-hellip\"> [\u2026]<\/span><\/p>","protected":false},"author":4,"featured_media":0,"parent":0,"menu_order":0,"comment_status":"closed","ping_status":"closed","template":"","meta":{"_joinchat":[],"footnotes":""},"class_list":["post-2740","page","type-page","status-publish","hentry"],"_links":{"self":[{"href":"https:\/\/slprocess.com.br\/es\/wp-json\/wp\/v2\/pages\/2740","targetHints":{"allow":["GET"]}}],"collection":[{"href":"https:\/\/slprocess.com.br\/es\/wp-json\/wp\/v2\/pages"}],"about":[{"href":"https:\/\/slprocess.com.br\/es\/wp-json\/wp\/v2\/types\/page"}],"author":[{"embeddable":true,"href":"https:\/\/slprocess.com.br\/es\/wp-json\/wp\/v2\/users\/4"}],"replies":[{"embeddable":true,"href":"https:\/\/slprocess.com.br\/es\/wp-json\/wp\/v2\/comments?post=2740"}],"version-history":[{"count":4,"href":"https:\/\/slprocess.com.br\/es\/wp-json\/wp\/v2\/pages\/2740\/revisions"}],"predecessor-version":[{"id":2745,"href":"https:\/\/slprocess.com.br\/es\/wp-json\/wp\/v2\/pages\/2740\/revisions\/2745"}],"wp:attachment":[{"href":"https:\/\/slprocess.com.br\/es\/wp-json\/wp\/v2\/media?parent=2740"}],"curies":[{"name":"wp","href":"https:\/\/api.w.org\/{rel}","templated":true}]}}